{"id":902,"date":"2024-03-06T20:07:20","date_gmt":"2024-03-06T23:07:20","guid":{"rendered":"https:\/\/fsantosteste.com\/sobre-a-knewin\/"},"modified":"2024-03-06T21:19:07","modified_gmt":"2024-03-06T21:19:07","slug":"about-knewin","status":"publish","type":"page","link":"https:\/\/www.knewin.com\/en\/about-knewin\/","title":{"rendered":"About Knewin"},"content":{"rendered":"\t\t<div data-elementor-type=\"wp-page\" data-elementor-id=\"902\" class=\"elementor elementor-902 elementor-374\" data-elementor-post-type=\"page\">\n\t\t\t\t<div class=\"elementor-element elementor-element-2888d9f e-flex e-con-boxed e-con e-parent\" data-id=\"2888d9f\" data-element_type=\"container\" data-e-type=\"container\" data-settings=\"{&quot;background_background&quot;:&quot;video&quot;}\">\n\t\t\t\t\t<div class=\"e-con-inner\">\n\t\t\t\t<div class=\"elementor-element elementor-element-384c7c9 elementor-widget elementor-widget-heading\" data-id=\"384c7c9\" data-element_type=\"widget\" data-e-type=\"widget\" data-widget_type=\"heading.default\">\n\t\t\t\t<div class=\"elementor-widget-container\">\n\t\t\t\t\t<h1 class=\"elementor-heading-title elementor-size-default\">About Knewin<\/h1>\t\t\t\t<\/div>\n\t\t\t\t<\/div>\n\t\t\t\t\t<\/div>\n\t\t\t\t<\/div>\n\t\t<div class=\"elementor-element elementor-element-672472c e-flex e-con-boxed e-con e-parent\" data-id=\"672472c\" data-element_type=\"container\" data-e-type=\"container\" data-settings=\"{&quot;background_background&quot;:&quot;classic&quot;}\">\n\t\t\t\t\t<div class=\"e-con-inner\">\n\t\t<div class=\"elementor-element elementor-element-80f8a1b e-flex e-con-boxed e-con e-child\" data-id=\"80f8a1b\" data-element_type=\"container\" data-e-type=\"container\" data-settings=\"{&quot;background_background&quot;:&quot;classic&quot;}\">\n\t\t\t\t\t<div class=\"e-con-inner\">\n\t\t\t\t<div class=\"elementor-element elementor-element-009b29c elementor-position-right elementor-position-top elementor-vertical-align-top elementor-widget elementor-widget-image-box\" data-id=\"009b29c\" data-element_type=\"widget\" data-e-type=\"widget\" data-widget_type=\"image-box.default\">\n\t\t\t\t<div class=\"elementor-widget-container\">\n\t\t\t\t\t<div class=\"elementor-image-box-wrapper\"><figure class=\"elementor-image-box-img\"><img fetchpriority=\"high\" decoding=\"async\" width=\"709\" height=\"629\" src=\"https:\/\/www.knewin.com\/wp-content\/uploads\/2024\/03\/Sobre-a-Knewin-img.webp\" class=\"attachment-full size-full wp-image-375\" alt=\"\" srcset=\"https:\/\/www.knewin.com\/wp-content\/uploads\/2024\/03\/Sobre-a-Knewin-img.webp 709w, https:\/\/www.knewin.com\/wp-content\/uploads\/2024\/03\/Sobre-a-Knewin-img-300x266.webp 300w\" sizes=\"(max-width: 709px) 100vw, 709px\" \/><\/figure><div class=\"elementor-image-box-content\"><p class=\"elementor-image-box-description\"><b>Knewin<\/b> was founded in 2011 with the aim of improving society through companies that are responsible and committed to their stakeholders. \nTo achieve this goal, it has invested in <b>data intelligence<\/b> and artificial intelligence technologies to translate data into stakeholder sentiment.\n<br \/><br \/>\nWith a strong culture of innovation, it has become a benchmark in <b>reputation and exposure management<\/b> for companies, working with more than <b>2000<\/b> clients throughout Brazil and Latin America to ensure successful relationships with their audiences.<\/p><\/div><\/div>\t\t\t\t<\/div>\n\t\t\t\t<\/div>\n\t\t\t\t<div class=\"elementor-element elementor-element-cf36ea9 elementor-widget__width-initial elementor-position-top elementor-widget elementor-widget-image-box\" data-id=\"cf36ea9\" data-element_type=\"widget\" data-e-type=\"widget\" data-widget_type=\"image-box.default\">\n\t\t\t\t<div class=\"elementor-widget-container\">\n\t\t\t\t\t<div class=\"elementor-image-box-wrapper\"><figure class=\"elementor-image-box-img\"><img decoding=\"async\" width=\"120\" height=\"120\" src=\"https:\/\/www.knewin.com\/wp-content\/uploads\/2024\/03\/missao.webp\" class=\"attachment-full size-full wp-image-378\" alt=\"\" \/><\/figure><div class=\"elementor-image-box-content\"><h2 class=\"elementor-image-box-title\">Mission<\/h2><p class=\"elementor-image-box-description\">We help companies and brands to be perceived positively by their audiences, winning their preference and achieving superior business results.<\/p><\/div><\/div>\t\t\t\t<\/div>\n\t\t\t\t<\/div>\n\t\t\t\t<div class=\"elementor-element elementor-element-4dd2ff0 elementor-widget__width-initial elementor-position-top elementor-widget elementor-widget-image-box\" data-id=\"4dd2ff0\" data-element_type=\"widget\" data-e-type=\"widget\" data-widget_type=\"image-box.default\">\n\t\t\t\t<div class=\"elementor-widget-container\">\n\t\t\t\t\t<div class=\"elementor-image-box-wrapper\"><figure class=\"elementor-image-box-img\"><img decoding=\"async\" width=\"120\" height=\"120\" src=\"https:\/\/www.knewin.com\/wp-content\/uploads\/2024\/03\/proposito.webp\" class=\"attachment-full size-full wp-image-381\" alt=\"\" \/><\/figure><div class=\"elementor-image-box-content\"><h2 class=\"elementor-image-box-title\">Purpose<\/h2><p class=\"elementor-image-box-description\">Making a better world in partnership with companies that are responsible and committed to their stakeholders.<\/p><\/div><\/div>\t\t\t\t<\/div>\n\t\t\t\t<\/div>\n\t\t\t\t<div class=\"elementor-element elementor-element-d8108cb elementor-widget__width-initial elementor-position-top elementor-widget elementor-widget-image-box\" data-id=\"d8108cb\" data-element_type=\"widget\" data-e-type=\"widget\" data-widget_type=\"image-box.default\">\n\t\t\t\t<div class=\"elementor-widget-container\">\n\t\t\t\t\t<div class=\"elementor-image-box-wrapper\"><figure class=\"elementor-image-box-img\"><img loading=\"lazy\" decoding=\"async\" width=\"120\" height=\"120\" src=\"https:\/\/www.knewin.com\/wp-content\/uploads\/2024\/03\/visao.webp\" class=\"attachment-full size-full wp-image-384\" alt=\"\" \/><\/figure><div class=\"elementor-image-box-content\"><h2 class=\"elementor-image-box-title\">Vision<\/h2><p class=\"elementor-image-box-description\">To be the leading data intelligence partner for reputation and exposure management for companies and brands in Latin America, exceeding R$150 million in revenue by 2028.<\/p><\/div><\/div>\t\t\t\t<\/div>\n\t\t\t\t<\/div>\n\t\t\t\t<div class=\"elementor-element elementor-element-d3fa728 elementor-widget__width-initial elementor-position-top elementor-widget elementor-widget-image-box\" data-id=\"d3fa728\" data-element_type=\"widget\" data-e-type=\"widget\" data-widget_type=\"image-box.default\">\n\t\t\t\t<div class=\"elementor-widget-container\">\n\t\t\t\t\t<div class=\"elementor-image-box-wrapper\"><figure class=\"elementor-image-box-img\"><img loading=\"lazy\" decoding=\"async\" width=\"120\" height=\"120\" src=\"https:\/\/www.knewin.com\/wp-content\/uploads\/2024\/03\/cultura.webp\" class=\"attachment-full size-full wp-image-387\" alt=\"\" \/><\/figure><div class=\"elementor-image-box-content\"><h2 class=\"elementor-image-box-title\">Values<\/h2><p class=\"elementor-image-box-description\">We are guided by a culture of bold goals, effective plans and people who are connected to achieving them.<\/p><\/div><\/div>\t\t\t\t<\/div>\n\t\t\t\t<\/div>\n\t\t\t\t\t<\/div>\n\t\t\t\t<\/div>\n\t\t\t\t\t<\/div>\n\t\t\t\t<\/div>\n\t\t\t\t<\/div>\n\t\t","protected":false},"excerpt":{"rendered":"<p>Knewin was founded in 2011 with the aim of improving society through companies that are responsible and committed to their stakeholders. To achieve this goal, it has invested in data intelligence and artificial intelligence technologies to translate data into stakeholder sentiment. With a strong culture of innovation, it has become a benchmark in reputation and [&hellip;]<\/p>\n","protected":false},"author":1,"featured_media":0,"parent":0,"menu_order":0,"comment_status":"closed","ping_status":"closed","template":"","meta":{"footnotes":""},"class_list":["post-902","page","type-page","status-publish","hentry"],"yoast_head":"<!-- This site is optimized with the Yoast SEO Premium plugin v27.0 (Yoast SEO v27.3) - https:\/\/yoast.com\/product\/yoast-seo-premium-wordpress\/ -->\n<title>About Knewin - Knewin<\/title>\n<meta name=\"robots\" content=\"index, follow, max-snippet:-1, max-image-preview:large, max-video-preview:-1\" \/>\n<link rel=\"canonical\" href=\"https:\/\/www.knewin.com\/en\/about-knewin\/\" \/>\n<meta property=\"og:locale\" content=\"en_US\" \/>\n<meta property=\"og:type\" content=\"article\" \/>\n<meta property=\"og:title\" content=\"About Knewin\" \/>\n<meta property=\"og:description\" content=\"Knewin was founded in 2011 with the aim of improving society through companies that are responsible and committed to their stakeholders. To achieve this goal, it has invested in data intelligence and artificial intelligence technologies to translate data into stakeholder sentiment. With a strong culture of innovation, it has become a benchmark in reputation and [&hellip;]\" \/>\n<meta property=\"og:url\" content=\"https:\/\/www.knewin.com\/en\/about-knewin\/\" \/>\n<meta property=\"og:site_name\" content=\"Knewin\" \/>\n<meta property=\"article:publisher\" content=\"https:\/\/www.facebook.com\/knewinoficial\/\" \/>\n<meta property=\"og:image\" content=\"https:\/\/knewin.comwp-content\/uploads\/2024\/03\/Sobre-a-Knewin-img.webp\" \/>\n<meta name=\"twitter:card\" content=\"summary_large_image\" \/>\n<meta name=\"twitter:site\" content=\"@knewin_\" \/>\n<meta name=\"twitter:label1\" content=\"Est. reading time\" \/>\n\t<meta name=\"twitter:data1\" content=\"2 minutes\" \/>\n<script type=\"application\/ld+json\" class=\"yoast-schema-graph\">{\"@context\":\"https:\\\/\\\/schema.org\",\"@graph\":[{\"@type\":\"WebPage\",\"@id\":\"https:\\\/\\\/www.knewin.com\\\/en\\\/about-knewin\\\/\",\"url\":\"https:\\\/\\\/www.knewin.com\\\/en\\\/about-knewin\\\/\",\"name\":\"About Knewin - Knewin\",\"isPartOf\":{\"@id\":\"https:\\\/\\\/www.knewin.com\\\/#website\"},\"primaryImageOfPage\":{\"@id\":\"https:\\\/\\\/www.knewin.com\\\/en\\\/about-knewin\\\/#primaryimage\"},\"image\":{\"@id\":\"https:\\\/\\\/www.knewin.com\\\/en\\\/about-knewin\\\/#primaryimage\"},\"thumbnailUrl\":\"https:\\\/\\\/knewin.comwp-content\\\/uploads\\\/2024\\\/03\\\/Sobre-a-Knewin-img.webp\",\"datePublished\":\"2024-03-06T23:07:20+00:00\",\"breadcrumb\":{\"@id\":\"https:\\\/\\\/www.knewin.com\\\/en\\\/about-knewin\\\/#breadcrumb\"},\"inLanguage\":\"en-US\",\"potentialAction\":[{\"@type\":\"ReadAction\",\"target\":[\"https:\\\/\\\/www.knewin.com\\\/en\\\/about-knewin\\\/\"]}]},{\"@type\":\"ImageObject\",\"inLanguage\":\"en-US\",\"@id\":\"https:\\\/\\\/www.knewin.com\\\/en\\\/about-knewin\\\/#primaryimage\",\"url\":\"https:\\\/\\\/knewin.comwp-content\\\/uploads\\\/2024\\\/03\\\/Sobre-a-Knewin-img.webp\",\"contentUrl\":\"https:\\\/\\\/knewin.comwp-content\\\/uploads\\\/2024\\\/03\\\/Sobre-a-Knewin-img.webp\"},{\"@type\":\"BreadcrumbList\",\"@id\":\"https:\\\/\\\/www.knewin.com\\\/en\\\/about-knewin\\\/#breadcrumb\",\"itemListElement\":[{\"@type\":\"ListItem\",\"position\":1,\"name\":\"In\u00edcio\",\"item\":\"https:\\\/\\\/www.knewin.com\\\/en\\\/\"},{\"@type\":\"ListItem\",\"position\":2,\"name\":\"About Knewin\"}]},{\"@type\":\"WebSite\",\"@id\":\"https:\\\/\\\/www.knewin.com\\\/#website\",\"url\":\"https:\\\/\\\/www.knewin.com\\\/\",\"name\":\"Knewin\",\"description\":\"A maior empresa de tecnologia e dados para gest\u00e3o de reputa\u00e7\u00e3o na Am\u00e9rica Latina.\",\"publisher\":{\"@id\":\"https:\\\/\\\/www.knewin.com\\\/#organization\"},\"alternateName\":\"Knewin - Tecnologia e dados para gest\u00e3o de reputa\u00e7\u00e3o\",\"potentialAction\":[{\"@type\":\"SearchAction\",\"target\":{\"@type\":\"EntryPoint\",\"urlTemplate\":\"https:\\\/\\\/www.knewin.com\\\/?s={search_term_string}\"},\"query-input\":{\"@type\":\"PropertyValueSpecification\",\"valueRequired\":true,\"valueName\":\"search_term_string\"}}],\"inLanguage\":\"en-US\"},{\"@type\":\"Organization\",\"@id\":\"https:\\\/\\\/www.knewin.com\\\/#organization\",\"name\":\"Knewin\",\"alternateName\":\"Knewin - A maior empresa de tecnologia e dados para gest\u00e3o de reputa\u00e7\u00e3o\",\"url\":\"https:\\\/\\\/www.knewin.com\\\/\",\"logo\":{\"@type\":\"ImageObject\",\"inLanguage\":\"en-US\",\"@id\":\"https:\\\/\\\/www.knewin.com\\\/#\\\/schema\\\/logo\\\/image\\\/\",\"url\":\"https:\\\/\\\/knewin.com\\\/wp-content\\\/uploads\\\/2025\\\/01\\\/Knewin-imagem-home.webp\",\"contentUrl\":\"https:\\\/\\\/knewin.com\\\/wp-content\\\/uploads\\\/2025\\\/01\\\/Knewin-imagem-home.webp\",\"width\":600,\"height\":600,\"caption\":\"Knewin\"},\"image\":{\"@id\":\"https:\\\/\\\/www.knewin.com\\\/#\\\/schema\\\/logo\\\/image\\\/\"},\"sameAs\":[\"https:\\\/\\\/www.facebook.com\\\/knewinoficial\\\/\",\"https:\\\/\\\/x.com\\\/knewin_\",\"https:\\\/\\\/www.instagram.com\\\/knewinoficial\\\/\",\"https:\\\/\\\/www.linkedin.com\\\/company\\\/knewinoficial\",\"https:\\\/\\\/www.youtube.com\\\/@knewinoficial\"],\"description\":\"A Knewin foi fundada em 2011 com o prop\u00f3sito de melhorar a sociedade por meio de empresas respons\u00e1veis e comprometidas com os seus p\u00fablicos. Para conquistar esse objetivo, investiu em tecnologias de intelig\u00eancia de dados e intelig\u00eancia artificial para traduzir dados em sentimentos dos stakeholders.\",\"foundingDate\":\"2011-02-01\"}]}<\/script>\n<!-- \/ Yoast SEO Premium plugin. -->","yoast_head_json":{"title":"About Knewin - Knewin","robots":{"index":"index","follow":"follow","max-snippet":"max-snippet:-1","max-image-preview":"max-image-preview:large","max-video-preview":"max-video-preview:-1"},"canonical":"https:\/\/www.knewin.com\/en\/about-knewin\/","og_locale":"en_US","og_type":"article","og_title":"About Knewin","og_description":"Knewin was founded in 2011 with the aim of improving society through companies that are responsible and committed to their stakeholders. To achieve this goal, it has invested in data intelligence and artificial intelligence technologies to translate data into stakeholder sentiment. With a strong culture of innovation, it has become a benchmark in reputation and [&hellip;]","og_url":"https:\/\/www.knewin.com\/en\/about-knewin\/","og_site_name":"Knewin","article_publisher":"https:\/\/www.facebook.com\/knewinoficial\/","og_image":[{"url":"https:\/\/knewin.comwp-content\/uploads\/2024\/03\/Sobre-a-Knewin-img.webp","type":"","width":"","height":""}],"twitter_card":"summary_large_image","twitter_site":"@knewin_","twitter_misc":{"Est. reading time":"2 minutes"},"schema":{"@context":"https:\/\/schema.org","@graph":[{"@type":"WebPage","@id":"https:\/\/www.knewin.com\/en\/about-knewin\/","url":"https:\/\/www.knewin.com\/en\/about-knewin\/","name":"About Knewin - Knewin","isPartOf":{"@id":"https:\/\/www.knewin.com\/#website"},"primaryImageOfPage":{"@id":"https:\/\/www.knewin.com\/en\/about-knewin\/#primaryimage"},"image":{"@id":"https:\/\/www.knewin.com\/en\/about-knewin\/#primaryimage"},"thumbnailUrl":"https:\/\/knewin.comwp-content\/uploads\/2024\/03\/Sobre-a-Knewin-img.webp","datePublished":"2024-03-06T23:07:20+00:00","breadcrumb":{"@id":"https:\/\/www.knewin.com\/en\/about-knewin\/#breadcrumb"},"inLanguage":"en-US","potentialAction":[{"@type":"ReadAction","target":["https:\/\/www.knewin.com\/en\/about-knewin\/"]}]},{"@type":"ImageObject","inLanguage":"en-US","@id":"https:\/\/www.knewin.com\/en\/about-knewin\/#primaryimage","url":"https:\/\/knewin.comwp-content\/uploads\/2024\/03\/Sobre-a-Knewin-img.webp","contentUrl":"https:\/\/knewin.comwp-content\/uploads\/2024\/03\/Sobre-a-Knewin-img.webp"},{"@type":"BreadcrumbList","@id":"https:\/\/www.knewin.com\/en\/about-knewin\/#breadcrumb","itemListElement":[{"@type":"ListItem","position":1,"name":"In\u00edcio","item":"https:\/\/www.knewin.com\/en\/"},{"@type":"ListItem","position":2,"name":"About Knewin"}]},{"@type":"WebSite","@id":"https:\/\/www.knewin.com\/#website","url":"https:\/\/www.knewin.com\/","name":"Knewin","description":"A maior empresa de tecnologia e dados para gest\u00e3o de reputa\u00e7\u00e3o na Am\u00e9rica Latina.","publisher":{"@id":"https:\/\/www.knewin.com\/#organization"},"alternateName":"Knewin - Tecnologia e dados para gest\u00e3o de reputa\u00e7\u00e3o","potentialAction":[{"@type":"SearchAction","target":{"@type":"EntryPoint","urlTemplate":"https:\/\/www.knewin.com\/?s={search_term_string}"},"query-input":{"@type":"PropertyValueSpecification","valueRequired":true,"valueName":"search_term_string"}}],"inLanguage":"en-US"},{"@type":"Organization","@id":"https:\/\/www.knewin.com\/#organization","name":"Knewin","alternateName":"Knewin - A maior empresa de tecnologia e dados para gest\u00e3o de reputa\u00e7\u00e3o","url":"https:\/\/www.knewin.com\/","logo":{"@type":"ImageObject","inLanguage":"en-US","@id":"https:\/\/www.knewin.com\/#\/schema\/logo\/image\/","url":"https:\/\/knewin.com\/wp-content\/uploads\/2025\/01\/Knewin-imagem-home.webp","contentUrl":"https:\/\/knewin.com\/wp-content\/uploads\/2025\/01\/Knewin-imagem-home.webp","width":600,"height":600,"caption":"Knewin"},"image":{"@id":"https:\/\/www.knewin.com\/#\/schema\/logo\/image\/"},"sameAs":["https:\/\/www.facebook.com\/knewinoficial\/","https:\/\/x.com\/knewin_","https:\/\/www.instagram.com\/knewinoficial\/","https:\/\/www.linkedin.com\/company\/knewinoficial","https:\/\/www.youtube.com\/@knewinoficial"],"description":"A Knewin foi fundada em 2011 com o prop\u00f3sito de melhorar a sociedade por meio de empresas respons\u00e1veis e comprometidas com os seus p\u00fablicos. Para conquistar esse objetivo, investiu em tecnologias de intelig\u00eancia de dados e intelig\u00eancia artificial para traduzir dados em sentimentos dos stakeholders.","foundingDate":"2011-02-01"}]}},"_links":{"self":[{"href":"https:\/\/www.knewin.com\/en\/wp-json\/wp\/v2\/pages\/902","targetHints":{"allow":["GET"]}}],"collection":[{"href":"https:\/\/www.knewin.com\/en\/wp-json\/wp\/v2\/pages"}],"about":[{"href":"https:\/\/www.knewin.com\/en\/wp-json\/wp\/v2\/types\/page"}],"author":[{"embeddable":true,"href":"https:\/\/www.knewin.com\/en\/wp-json\/wp\/v2\/users\/1"}],"replies":[{"embeddable":true,"href":"https:\/\/www.knewin.com\/en\/wp-json\/wp\/v2\/comments?post=902"}],"version-history":[{"count":0,"href":"https:\/\/www.knewin.com\/en\/wp-json\/wp\/v2\/pages\/902\/revisions"}],"wp:attachment":[{"href":"https:\/\/www.knewin.com\/en\/wp-json\/wp\/v2\/media?parent=902"}],"curies":[{"name":"wp","href":"https:\/\/api.w.org\/{rel}","templated":true}]}}