{"id":936,"date":"2024-03-06T20:07:08","date_gmt":"2024-03-06T23:07:08","guid":{"rendered":"https:\/\/fsantosteste.com\/governance-and-compliance\/"},"modified":"2024-03-06T21:37:59","modified_gmt":"2024-03-06T21:37:59","slug":"governance-and-compliance","status":"publish","type":"page","link":"https:\/\/www.knewin.com\/en\/governance-and-compliance\/","title":{"rendered":"Governance and Compliance"},"content":{"rendered":"\t\t<div data-elementor-type=\"wp-page\" data-elementor-id=\"936\" class=\"elementor elementor-936 elementor-335\" data-elementor-post-type=\"page\">\n\t\t\t\t<div class=\"elementor-element elementor-element-e0ad022 e-flex e-con-boxed e-con e-parent\" data-id=\"e0ad022\" data-element_type=\"container\" data-e-type=\"container\" data-settings=\"{&quot;background_background&quot;:&quot;video&quot;}\">\n\t\t\t\t\t<div class=\"e-con-inner\">\n\t\t\t\t<div class=\"elementor-element elementor-element-42bc7f7 elementor-widget elementor-widget-heading\" data-id=\"42bc7f7\" data-element_type=\"widget\" data-e-type=\"widget\" data-widget_type=\"heading.default\">\n\t\t\t\t<div class=\"elementor-widget-container\">\n\t\t\t\t\t<h1 class=\"elementor-heading-title elementor-size-default\">Governance and Compliance<\/h1>\t\t\t\t<\/div>\n\t\t\t\t<\/div>\n\t\t\t\t\t<\/div>\n\t\t\t\t<\/div>\n\t\t<div class=\"elementor-element elementor-element-edade11 e-flex e-con-boxed e-con e-parent\" data-id=\"edade11\" data-element_type=\"container\" data-e-type=\"container\" data-settings=\"{&quot;background_background&quot;:&quot;classic&quot;}\">\n\t\t\t\t\t<div class=\"e-con-inner\">\n\t\t<div class=\"elementor-element elementor-element-d18c2c3 e-flex e-con-boxed e-con e-child\" data-id=\"d18c2c3\" data-element_type=\"container\" data-e-type=\"container\" data-settings=\"{&quot;background_background&quot;:&quot;classic&quot;}\">\n\t\t\t\t\t<div class=\"e-con-inner\">\n\t\t\t\t<div class=\"elementor-element elementor-element-5b4f52c elementor-widget elementor-widget-text-editor\" data-id=\"5b4f52c\" data-element_type=\"widget\" data-e-type=\"widget\" data-widget_type=\"text-editor.default\">\n\t\t\t\t<div class=\"elementor-widget-container\">\n\t\t\t\t\t\t\t\t\t<p>In order to build and maintain a successful trajectory, Knewin values ethical, upright, correct and morally aligned attitudes and attitudes in line with our culture manifesto, striving for relationships of trust, empathy and justice.<\/p><p>We constantly reinforce the disclosure and updating of the Compliance Program, where we guide all employees, shareholders, managers and third parties, at all levels, on the need to develop sustainable businesses in accordance with internal policies and standards, as well as duly adapted to the legislation of the countries in which we operate.<\/p><p>We are constantly seeking to update our guidelines so that we are in line with the best market practices, fighting corruption and valuing ethical attitudes. For this reason, our program has several policies, standards and manuals that deal with corporate governance, data protection, password use, risk assessment, donations and sponsorships, conflicts of interest, among others.<\/p><p>In addition, we constantly carry out training and internal communication campaigns, with the aim of engaging everyone in <em>Knewin&#8217;s Compliance<\/em> culture, which we introduce to all our employees from their first contact with our company.<\/p><p>The Compliance Department is currently part of the Legal Department and has a <em>Compliance Officer<\/em> and a <em>Data Protection Officer<\/em>.<\/p>\t\t\t\t\t\t\t\t<\/div>\n\t\t\t\t<\/div>\n\t\t\t\t<div class=\"elementor-element elementor-element-dd20b0a elementor-icon-list--layout-traditional elementor-list-item-link-full_width elementor-widget elementor-widget-icon-list\" data-id=\"dd20b0a\" data-element_type=\"widget\" data-e-type=\"widget\" data-widget_type=\"icon-list.default\">\n\t\t\t\t<div class=\"elementor-widget-container\">\n\t\t\t\t\t\t\t<ul class=\"elementor-icon-list-items\">\n\t\t\t\t\t\t\t<li class=\"elementor-icon-list-item\">\n\t\t\t\t\t\t\t\t\t\t\t<span class=\"elementor-icon-list-icon\">\n\t\t\t\t\t\t\t<svg aria-hidden=\"true\" class=\"e-font-icon-svg e-far-file-pdf\" viewBox=\"0 0 384 512\" xmlns=\"http:\/\/www.w3.org\/2000\/svg\"><path d=\"M369.9 97.9L286 14C277 5 264.8-.1 252.1-.1H48C21.5 0 0 21.5 0 48v416c0 26.5 21.5 48 48 48h288c26.5 0 48-21.5 48-48V131.9c0-12.7-5.1-25-14.1-34zM332.1 128H256V51.9l76.1 76.1zM48 464V48h160v104c0 13.3 10.7 24 24 24h104v288H48zm250.2-143.7c-12.2-12-47-8.7-64.4-6.5-17.2-10.5-28.7-25-36.8-46.3 3.9-16.1 10.1-40.6 5.4-56-4.2-26.2-37.8-23.6-42.6-5.9-4.4 16.1-.4 38.5 7 67.1-10 23.9-24.9 56-35.4 74.4-20 10.3-47 26.2-51 46.2-3.3 15.8 26 55.2 76.1-31.2 22.4-7.4 46.8-16.5 68.4-20.1 18.9 10.2 41 17 55.8 17 25.5 0 28-28.2 17.5-38.7zm-198.1 77.8c5.1-13.7 24.5-29.5 30.4-35-19 30.3-30.4 35.7-30.4 35zm81.6-190.6c7.4 0 6.7 32.1 1.8 40.8-4.4-13.9-4.3-40.8-1.8-40.8zm-24.4 136.6c9.7-16.9 18-37 24.7-54.7 8.3 15.1 18.9 27.2 30.1 35.5-20.8 4.3-38.9 13.1-54.8 19.2zm131.6-5s-5 6-37.3-7.8c35.1-2.6 40.9 5.4 37.3 7.8z\"><\/path><\/svg>\t\t\t\t\t\t<\/span>\n\t\t\t\t\t\t\t\t\t\t<span class=\"elementor-icon-list-text\">Click here to access our Code of Conduct<\/span>\n\t\t\t\t\t\t\t\t\t<\/li>\n\t\t\t\t\t\t<\/ul>\n\t\t\t\t\t\t<\/div>\n\t\t\t\t<\/div>\n\t\t\t\t\t<\/div>\n\t\t\t\t<\/div>\n\t\t\t\t\t<\/div>\n\t\t\t\t<\/div>\n\t\t\t\t<\/div>\n\t\t","protected":false},"excerpt":{"rendered":"<p>In order to build and maintain a successful trajectory, Knewin values ethical, upright, correct and morally aligned attitudes and attitudes in line with our culture manifesto, striving for relationships of trust, empathy and justice. We constantly reinforce the disclosure and updating of the Compliance Program, where we guide all employees, shareholders, managers and third parties, [&hellip;]<\/p>\n","protected":false},"author":1,"featured_media":0,"parent":0,"menu_order":0,"comment_status":"closed","ping_status":"closed","template":"","meta":{"footnotes":""},"class_list":["post-936","page","type-page","status-publish","hentry"],"yoast_head":"<!-- This site is optimized with the Yoast SEO Premium plugin v27.0 (Yoast SEO v27.3) - https:\/\/yoast.com\/product\/yoast-seo-premium-wordpress\/ -->\n<title>Governance and Compliance - Knewin<\/title>\n<meta name=\"robots\" content=\"index, follow, max-snippet:-1, max-image-preview:large, max-video-preview:-1\" \/>\n<link rel=\"canonical\" href=\"https:\/\/knewin.com\/en\/governance-and-compliance\/\" \/>\n<meta property=\"og:locale\" content=\"en_US\" \/>\n<meta property=\"og:type\" content=\"article\" \/>\n<meta property=\"og:title\" content=\"Governance and Compliance\" \/>\n<meta property=\"og:description\" content=\"In order to build and maintain a successful trajectory, Knewin values ethical, upright, correct and morally aligned attitudes and attitudes in line with our culture manifesto, striving for relationships of trust, empathy and justice. We constantly reinforce the disclosure and updating of the Compliance Program, where we guide all employees, shareholders, managers and third parties, [&hellip;]\" \/>\n<meta property=\"og:url\" content=\"https:\/\/knewin.com\/en\/governance-and-compliance\/\" \/>\n<meta property=\"og:site_name\" content=\"Knewin\" \/>\n<meta property=\"article:publisher\" content=\"https:\/\/www.facebook.com\/knewinoficial\/\" \/>\n<meta name=\"twitter:card\" content=\"summary_large_image\" \/>\n<meta name=\"twitter:site\" content=\"@knewin_\" \/>\n<meta name=\"twitter:label1\" content=\"Est. reading time\" \/>\n\t<meta name=\"twitter:data1\" content=\"1 minute\" \/>\n<script type=\"application\/ld+json\" class=\"yoast-schema-graph\">{\"@context\":\"https:\\\/\\\/schema.org\",\"@graph\":[{\"@type\":\"WebPage\",\"@id\":\"https:\\\/\\\/knewin.com\\\/en\\\/governance-and-compliance\\\/\",\"url\":\"https:\\\/\\\/knewin.com\\\/en\\\/governance-and-compliance\\\/\",\"name\":\"Governance and Compliance - Knewin\",\"isPartOf\":{\"@id\":\"https:\\\/\\\/knewin.com\\\/#website\"},\"datePublished\":\"2024-03-06T23:07:08+00:00\",\"breadcrumb\":{\"@id\":\"https:\\\/\\\/knewin.com\\\/en\\\/governance-and-compliance\\\/#breadcrumb\"},\"inLanguage\":\"en-US\",\"potentialAction\":[{\"@type\":\"ReadAction\",\"target\":[\"https:\\\/\\\/knewin.com\\\/en\\\/governance-and-compliance\\\/\"]}]},{\"@type\":\"BreadcrumbList\",\"@id\":\"https:\\\/\\\/knewin.com\\\/en\\\/governance-and-compliance\\\/#breadcrumb\",\"itemListElement\":[{\"@type\":\"ListItem\",\"position\":1,\"name\":\"In\u00edcio\",\"item\":\"https:\\\/\\\/knewin.com\\\/en\\\/\"},{\"@type\":\"ListItem\",\"position\":2,\"name\":\"Governance and Compliance\"}]},{\"@type\":\"WebSite\",\"@id\":\"https:\\\/\\\/knewin.com\\\/#website\",\"url\":\"https:\\\/\\\/knewin.com\\\/\",\"name\":\"Knewin\",\"description\":\"A maior empresa de tecnologia e dados para gest\u00e3o de reputa\u00e7\u00e3o na Am\u00e9rica Latina.\",\"publisher\":{\"@id\":\"https:\\\/\\\/knewin.com\\\/#organization\"},\"alternateName\":\"Knewin - Tecnologia e dados para gest\u00e3o de reputa\u00e7\u00e3o\",\"potentialAction\":[{\"@type\":\"SearchAction\",\"target\":{\"@type\":\"EntryPoint\",\"urlTemplate\":\"https:\\\/\\\/knewin.com\\\/?s={search_term_string}\"},\"query-input\":{\"@type\":\"PropertyValueSpecification\",\"valueRequired\":true,\"valueName\":\"search_term_string\"}}],\"inLanguage\":\"en-US\"},{\"@type\":\"Organization\",\"@id\":\"https:\\\/\\\/knewin.com\\\/#organization\",\"name\":\"Knewin\",\"alternateName\":\"Knewin - A maior empresa de tecnologia e dados para gest\u00e3o de reputa\u00e7\u00e3o\",\"url\":\"https:\\\/\\\/knewin.com\\\/\",\"logo\":{\"@type\":\"ImageObject\",\"inLanguage\":\"en-US\",\"@id\":\"https:\\\/\\\/knewin.com\\\/#\\\/schema\\\/logo\\\/image\\\/\",\"url\":\"https:\\\/\\\/knewin.com\\\/wp-content\\\/uploads\\\/2025\\\/01\\\/Knewin-imagem-home.webp\",\"contentUrl\":\"https:\\\/\\\/knewin.com\\\/wp-content\\\/uploads\\\/2025\\\/01\\\/Knewin-imagem-home.webp\",\"width\":600,\"height\":600,\"caption\":\"Knewin\"},\"image\":{\"@id\":\"https:\\\/\\\/knewin.com\\\/#\\\/schema\\\/logo\\\/image\\\/\"},\"sameAs\":[\"https:\\\/\\\/www.facebook.com\\\/knewinoficial\\\/\",\"https:\\\/\\\/x.com\\\/knewin_\",\"https:\\\/\\\/www.instagram.com\\\/knewinoficial\\\/\",\"https:\\\/\\\/www.linkedin.com\\\/company\\\/knewinoficial\",\"https:\\\/\\\/www.youtube.com\\\/@knewinoficial\"],\"description\":\"A Knewin foi fundada em 2011 com o prop\u00f3sito de melhorar a sociedade por meio de empresas respons\u00e1veis e comprometidas com os seus p\u00fablicos. Para conquistar esse objetivo, investiu em tecnologias de intelig\u00eancia de dados e intelig\u00eancia artificial para traduzir dados em sentimentos dos stakeholders.\",\"foundingDate\":\"2011-02-01\"}]}<\/script>\n<!-- \/ Yoast SEO Premium plugin. -->","yoast_head_json":{"title":"Governance and Compliance - Knewin","robots":{"index":"index","follow":"follow","max-snippet":"max-snippet:-1","max-image-preview":"max-image-preview:large","max-video-preview":"max-video-preview:-1"},"canonical":"https:\/\/knewin.com\/en\/governance-and-compliance\/","og_locale":"en_US","og_type":"article","og_title":"Governance and Compliance","og_description":"In order to build and maintain a successful trajectory, Knewin values ethical, upright, correct and morally aligned attitudes and attitudes in line with our culture manifesto, striving for relationships of trust, empathy and justice. We constantly reinforce the disclosure and updating of the Compliance Program, where we guide all employees, shareholders, managers and third parties, [&hellip;]","og_url":"https:\/\/knewin.com\/en\/governance-and-compliance\/","og_site_name":"Knewin","article_publisher":"https:\/\/www.facebook.com\/knewinoficial\/","twitter_card":"summary_large_image","twitter_site":"@knewin_","twitter_misc":{"Est. reading time":"1 minute"},"schema":{"@context":"https:\/\/schema.org","@graph":[{"@type":"WebPage","@id":"https:\/\/knewin.com\/en\/governance-and-compliance\/","url":"https:\/\/knewin.com\/en\/governance-and-compliance\/","name":"Governance and Compliance - Knewin","isPartOf":{"@id":"https:\/\/knewin.com\/#website"},"datePublished":"2024-03-06T23:07:08+00:00","breadcrumb":{"@id":"https:\/\/knewin.com\/en\/governance-and-compliance\/#breadcrumb"},"inLanguage":"en-US","potentialAction":[{"@type":"ReadAction","target":["https:\/\/knewin.com\/en\/governance-and-compliance\/"]}]},{"@type":"BreadcrumbList","@id":"https:\/\/knewin.com\/en\/governance-and-compliance\/#breadcrumb","itemListElement":[{"@type":"ListItem","position":1,"name":"In\u00edcio","item":"https:\/\/knewin.com\/en\/"},{"@type":"ListItem","position":2,"name":"Governance and Compliance"}]},{"@type":"WebSite","@id":"https:\/\/knewin.com\/#website","url":"https:\/\/knewin.com\/","name":"Knewin","description":"A maior empresa de tecnologia e dados para gest\u00e3o de reputa\u00e7\u00e3o na Am\u00e9rica Latina.","publisher":{"@id":"https:\/\/knewin.com\/#organization"},"alternateName":"Knewin - Tecnologia e dados para gest\u00e3o de reputa\u00e7\u00e3o","potentialAction":[{"@type":"SearchAction","target":{"@type":"EntryPoint","urlTemplate":"https:\/\/knewin.com\/?s={search_term_string}"},"query-input":{"@type":"PropertyValueSpecification","valueRequired":true,"valueName":"search_term_string"}}],"inLanguage":"en-US"},{"@type":"Organization","@id":"https:\/\/knewin.com\/#organization","name":"Knewin","alternateName":"Knewin - A maior empresa de tecnologia e dados para gest\u00e3o de reputa\u00e7\u00e3o","url":"https:\/\/knewin.com\/","logo":{"@type":"ImageObject","inLanguage":"en-US","@id":"https:\/\/knewin.com\/#\/schema\/logo\/image\/","url":"https:\/\/knewin.com\/wp-content\/uploads\/2025\/01\/Knewin-imagem-home.webp","contentUrl":"https:\/\/knewin.com\/wp-content\/uploads\/2025\/01\/Knewin-imagem-home.webp","width":600,"height":600,"caption":"Knewin"},"image":{"@id":"https:\/\/knewin.com\/#\/schema\/logo\/image\/"},"sameAs":["https:\/\/www.facebook.com\/knewinoficial\/","https:\/\/x.com\/knewin_","https:\/\/www.instagram.com\/knewinoficial\/","https:\/\/www.linkedin.com\/company\/knewinoficial","https:\/\/www.youtube.com\/@knewinoficial"],"description":"A Knewin foi fundada em 2011 com o prop\u00f3sito de melhorar a sociedade por meio de empresas respons\u00e1veis e comprometidas com os seus p\u00fablicos. Para conquistar esse objetivo, investiu em tecnologias de intelig\u00eancia de dados e intelig\u00eancia artificial para traduzir dados em sentimentos dos stakeholders.","foundingDate":"2011-02-01"}]}},"_links":{"self":[{"href":"https:\/\/www.knewin.com\/en\/wp-json\/wp\/v2\/pages\/936","targetHints":{"allow":["GET"]}}],"collection":[{"href":"https:\/\/www.knewin.com\/en\/wp-json\/wp\/v2\/pages"}],"about":[{"href":"https:\/\/www.knewin.com\/en\/wp-json\/wp\/v2\/types\/page"}],"author":[{"embeddable":true,"href":"https:\/\/www.knewin.com\/en\/wp-json\/wp\/v2\/users\/1"}],"replies":[{"embeddable":true,"href":"https:\/\/www.knewin.com\/en\/wp-json\/wp\/v2\/comments?post=936"}],"version-history":[{"count":0,"href":"https:\/\/www.knewin.com\/en\/wp-json\/wp\/v2\/pages\/936\/revisions"}],"wp:attachment":[{"href":"https:\/\/www.knewin.com\/en\/wp-json\/wp\/v2\/media?parent=936"}],"curies":[{"name":"wp","href":"https:\/\/api.w.org\/{rel}","templated":true}]}}