{"id":951,"date":"2024-03-06T20:10:53","date_gmt":"2024-03-06T23:10:53","guid":{"rendered":"https:\/\/fsantosteste.com\/thank-you-for-your-interest\/"},"modified":"2024-05-13T08:44:34","modified_gmt":"2024-05-13T11:44:34","slug":"thank-you-for-your-interest","status":"publish","type":"page","link":"https:\/\/www.knewin.com\/en\/thank-you-for-your-interest\/","title":{"rendered":"Thank you for your interest"},"content":{"rendered":"\t\t<div data-elementor-type=\"wp-page\" data-elementor-id=\"951\" class=\"elementor elementor-951 elementor-589\" data-elementor-post-type=\"page\">\n\t\t\t\t<div class=\"elementor-element elementor-element-2890aa7 e-flex e-con-boxed e-con e-parent\" data-id=\"2890aa7\" data-element_type=\"container\" data-e-type=\"container\" data-settings=\"{&quot;background_background&quot;:&quot;gradient&quot;}\">\n\t\t\t\t\t<div class=\"e-con-inner\">\n\t\t\t\t<div class=\"elementor-element elementor-element-b9297c3 elementor-widget elementor-widget-image\" data-id=\"b9297c3\" data-element_type=\"widget\" data-e-type=\"widget\" data-widget_type=\"image.default\">\n\t\t\t\t<div class=\"elementor-widget-container\">\n\t\t\t\t\t\t\t\t\t\t\t\t\t\t\t\t<a href=\"http:\/\/sh-pro134.teste.website\/~knewin67\/en\/\">\n\t\t\t\t\t\t\t<img fetchpriority=\"high\" decoding=\"async\" width=\"500\" height=\"108\" src=\"https:\/\/www.knewin.com\/wp-content\/uploads\/2024\/03\/KnewinLogo.png\" class=\"attachment-large size-large wp-image-125\" alt=\"Logo da Knewin\" srcset=\"https:\/\/www.knewin.com\/wp-content\/uploads\/2024\/03\/KnewinLogo.png 500w, https:\/\/www.knewin.com\/wp-content\/uploads\/2024\/03\/KnewinLogo-300x65.png 300w\" sizes=\"(max-width: 500px) 100vw, 500px\" \/>\t\t\t\t\t\t\t\t<\/a>\n\t\t\t\t\t\t\t\t\t\t\t\t\t\t\t<\/div>\n\t\t\t\t<\/div>\n\t\t\t\t<div class=\"elementor-element elementor-element-13d23b0 elementor-align-center elementor-widget elementor-widget-lottie\" data-id=\"13d23b0\" data-element_type=\"widget\" data-e-type=\"widget\" data-settings=\"{&quot;source_json&quot;:{&quot;url&quot;:&quot;http:\\\/\\\/sh-pro134.teste.website\\\/~knewin67\\\/wp-content\\\/uploads\\\/2024\\\/03\\\/check.json&quot;,&quot;id&quot;:&quot;153&quot;,&quot;size&quot;:&quot;&quot;},&quot;loop&quot;:&quot;yes&quot;,&quot;source&quot;:&quot;media_file&quot;,&quot;caption_source&quot;:&quot;none&quot;,&quot;link_to&quot;:&quot;none&quot;,&quot;trigger&quot;:&quot;arriving_to_viewport&quot;,&quot;viewport&quot;:{&quot;unit&quot;:&quot;%&quot;,&quot;size&quot;:&quot;&quot;,&quot;sizes&quot;:{&quot;start&quot;:0,&quot;end&quot;:100}},&quot;play_speed&quot;:{&quot;unit&quot;:&quot;px&quot;,&quot;size&quot;:1,&quot;sizes&quot;:[]},&quot;start_point&quot;:{&quot;unit&quot;:&quot;%&quot;,&quot;size&quot;:0,&quot;sizes&quot;:[]},&quot;end_point&quot;:{&quot;unit&quot;:&quot;%&quot;,&quot;size&quot;:100,&quot;sizes&quot;:[]},&quot;renderer&quot;:&quot;svg&quot;}\" data-widget_type=\"lottie.default\">\n\t\t\t\t<div class=\"elementor-widget-container\">\n\t\t\t\t\t<div class=\"e-lottie__container\"><div class=\"e-lottie__animation\"><\/div><\/div>\t\t\t\t<\/div>\n\t\t\t\t<\/div>\n\t\t\t\t<div class=\"elementor-element elementor-element-0a13cb4 elementor-widget elementor-widget-heading\" data-id=\"0a13cb4\" data-element_type=\"widget\" data-e-type=\"widget\" data-widget_type=\"heading.default\">\n\t\t\t\t<div class=\"elementor-widget-container\">\n\t\t\t\t\t<h2 class=\"elementor-heading-title elementor-size-default\">Thanks for your interest in our solutions!<\/h2>\t\t\t\t<\/div>\n\t\t\t\t<\/div>\n\t\t\t\t<div class=\"elementor-element elementor-element-48b910a elementor-widget__width-initial elementor-widget elementor-widget-image-box\" data-id=\"48b910a\" data-element_type=\"widget\" data-e-type=\"widget\" data-widget_type=\"image-box.default\">\n\t\t\t\t<div class=\"elementor-widget-container\">\n\t\t\t\t\t<div class=\"elementor-image-box-wrapper\"><div class=\"elementor-image-box-content\"><p class=\"elementor-image-box-description\">You have just taken an important step towards increasing your communication results by managing your brand's reputation and exposure.<\/p><\/div><\/div>\t\t\t\t<\/div>\n\t\t\t\t<\/div>\n\t\t\t\t<div class=\"elementor-element elementor-element-137bc4a elementor-align-right botaoTopoDemonstracao elementor-mobile-align-justify elementor-widget elementor-widget-button\" data-id=\"137bc4a\" data-element_type=\"widget\" data-e-type=\"widget\" data-widget_type=\"button.default\">\n\t\t\t\t<div class=\"elementor-widget-container\">\n\t\t\t\t\t\t\t\t\t<div class=\"elementor-button-wrapper\">\n\t\t\t\t\t<a class=\"elementor-button elementor-button-link elementor-size-md\" href=\"https:\/\/www.knewin.com\/en\/\">\n\t\t\t\t\t\t<span class=\"elementor-button-content-wrapper\">\n\t\t\t\t\t\t\t\t\t<span class=\"elementor-button-text\">Back to the site<\/span>\n\t\t\t\t\t<\/span>\n\t\t\t\t\t<\/a>\n\t\t\t\t<\/div>\n\t\t\t\t\t\t\t\t<\/div>\n\t\t\t\t<\/div>\n\t\t\t\t\t<\/div>\n\t\t\t\t<\/div>\n\t\t\t\t<\/div>\n\t\t","protected":false},"excerpt":{"rendered":"<p>Thanks for your interest in our solutions! You have just taken an important step towards increasing your communication results by managing your brand&#8217;s reputation and exposure. Back to the site<\/p>\n","protected":false},"author":1,"featured_media":0,"parent":0,"menu_order":0,"comment_status":"closed","ping_status":"closed","template":"","meta":{"footnotes":""},"class_list":["post-951","page","type-page","status-publish","hentry"],"yoast_head":"<!-- This site is optimized with the Yoast SEO Premium plugin v27.0 (Yoast SEO v27.3) - https:\/\/yoast.com\/product\/yoast-seo-premium-wordpress\/ -->\n<title>Thank you for your interest - Knewin<\/title>\n<meta name=\"robots\" content=\"index, follow, max-snippet:-1, max-image-preview:large, max-video-preview:-1\" \/>\n<link rel=\"canonical\" href=\"https:\/\/www.knewin.com\/en\/thank-you-for-your-interest\/\" \/>\n<meta property=\"og:locale\" content=\"en_US\" \/>\n<meta property=\"og:type\" content=\"article\" \/>\n<meta property=\"og:title\" content=\"Thank you for your interest\" \/>\n<meta property=\"og:description\" content=\"Thanks for your interest in our solutions! You have just taken an important step towards increasing your communication results by managing your brand&#8217;s reputation and exposure. Back to the site\" \/>\n<meta property=\"og:url\" content=\"https:\/\/www.knewin.com\/en\/thank-you-for-your-interest\/\" \/>\n<meta property=\"og:site_name\" content=\"Knewin\" \/>\n<meta property=\"article:publisher\" content=\"https:\/\/www.facebook.com\/knewinoficial\/\" \/>\n<meta property=\"article:modified_time\" content=\"2024-05-13T11:44:34+00:00\" \/>\n<meta property=\"og:image\" content=\"https:\/\/knewin.com\/wp-content\/uploads\/2024\/03\/KnewinLogo.png\" \/>\n<meta name=\"twitter:card\" content=\"summary_large_image\" \/>\n<meta name=\"twitter:site\" content=\"@knewin_\" \/>\n<meta name=\"twitter:label1\" content=\"Est. reading time\" \/>\n\t<meta name=\"twitter:data1\" content=\"1 minute\" \/>\n<script type=\"application\/ld+json\" class=\"yoast-schema-graph\">{\"@context\":\"https:\\\/\\\/schema.org\",\"@graph\":[{\"@type\":\"WebPage\",\"@id\":\"https:\\\/\\\/www.knewin.com\\\/en\\\/thank-you-for-your-interest\\\/\",\"url\":\"https:\\\/\\\/www.knewin.com\\\/en\\\/thank-you-for-your-interest\\\/\",\"name\":\"Thank you for your interest - Knewin\",\"isPartOf\":{\"@id\":\"https:\\\/\\\/www.knewin.com\\\/#website\"},\"primaryImageOfPage\":{\"@id\":\"https:\\\/\\\/www.knewin.com\\\/en\\\/thank-you-for-your-interest\\\/#primaryimage\"},\"image\":{\"@id\":\"https:\\\/\\\/www.knewin.com\\\/en\\\/thank-you-for-your-interest\\\/#primaryimage\"},\"thumbnailUrl\":\"https:\\\/\\\/knewin.com\\\/wp-content\\\/uploads\\\/2024\\\/03\\\/KnewinLogo.png\",\"datePublished\":\"2024-03-06T23:10:53+00:00\",\"dateModified\":\"2024-05-13T11:44:34+00:00\",\"breadcrumb\":{\"@id\":\"https:\\\/\\\/www.knewin.com\\\/en\\\/thank-you-for-your-interest\\\/#breadcrumb\"},\"inLanguage\":\"en-US\",\"potentialAction\":[{\"@type\":\"ReadAction\",\"target\":[\"https:\\\/\\\/www.knewin.com\\\/en\\\/thank-you-for-your-interest\\\/\"]}]},{\"@type\":\"ImageObject\",\"inLanguage\":\"en-US\",\"@id\":\"https:\\\/\\\/www.knewin.com\\\/en\\\/thank-you-for-your-interest\\\/#primaryimage\",\"url\":\"https:\\\/\\\/knewin.com\\\/wp-content\\\/uploads\\\/2024\\\/03\\\/KnewinLogo.png\",\"contentUrl\":\"https:\\\/\\\/knewin.com\\\/wp-content\\\/uploads\\\/2024\\\/03\\\/KnewinLogo.png\"},{\"@type\":\"BreadcrumbList\",\"@id\":\"https:\\\/\\\/www.knewin.com\\\/en\\\/thank-you-for-your-interest\\\/#breadcrumb\",\"itemListElement\":[{\"@type\":\"ListItem\",\"position\":1,\"name\":\"In\u00edcio\",\"item\":\"https:\\\/\\\/www.knewin.com\\\/en\\\/\"},{\"@type\":\"ListItem\",\"position\":2,\"name\":\"Thank you for your interest\"}]},{\"@type\":\"WebSite\",\"@id\":\"https:\\\/\\\/www.knewin.com\\\/#website\",\"url\":\"https:\\\/\\\/www.knewin.com\\\/\",\"name\":\"Knewin\",\"description\":\"A maior empresa de tecnologia e dados para gest\u00e3o de reputa\u00e7\u00e3o na Am\u00e9rica Latina.\",\"publisher\":{\"@id\":\"https:\\\/\\\/www.knewin.com\\\/#organization\"},\"alternateName\":\"Knewin - Tecnologia e dados para gest\u00e3o de reputa\u00e7\u00e3o\",\"potentialAction\":[{\"@type\":\"SearchAction\",\"target\":{\"@type\":\"EntryPoint\",\"urlTemplate\":\"https:\\\/\\\/www.knewin.com\\\/?s={search_term_string}\"},\"query-input\":{\"@type\":\"PropertyValueSpecification\",\"valueRequired\":true,\"valueName\":\"search_term_string\"}}],\"inLanguage\":\"en-US\"},{\"@type\":\"Organization\",\"@id\":\"https:\\\/\\\/www.knewin.com\\\/#organization\",\"name\":\"Knewin\",\"alternateName\":\"Knewin - A maior empresa de tecnologia e dados para gest\u00e3o de reputa\u00e7\u00e3o\",\"url\":\"https:\\\/\\\/www.knewin.com\\\/\",\"logo\":{\"@type\":\"ImageObject\",\"inLanguage\":\"en-US\",\"@id\":\"https:\\\/\\\/www.knewin.com\\\/#\\\/schema\\\/logo\\\/image\\\/\",\"url\":\"https:\\\/\\\/knewin.com\\\/wp-content\\\/uploads\\\/2025\\\/01\\\/Knewin-imagem-home.webp\",\"contentUrl\":\"https:\\\/\\\/knewin.com\\\/wp-content\\\/uploads\\\/2025\\\/01\\\/Knewin-imagem-home.webp\",\"width\":600,\"height\":600,\"caption\":\"Knewin\"},\"image\":{\"@id\":\"https:\\\/\\\/www.knewin.com\\\/#\\\/schema\\\/logo\\\/image\\\/\"},\"sameAs\":[\"https:\\\/\\\/www.facebook.com\\\/knewinoficial\\\/\",\"https:\\\/\\\/x.com\\\/knewin_\",\"https:\\\/\\\/www.instagram.com\\\/knewinoficial\\\/\",\"https:\\\/\\\/www.linkedin.com\\\/company\\\/knewinoficial\",\"https:\\\/\\\/www.youtube.com\\\/@knewinoficial\"],\"description\":\"A Knewin foi fundada em 2011 com o prop\u00f3sito de melhorar a sociedade por meio de empresas respons\u00e1veis e comprometidas com os seus p\u00fablicos. Para conquistar esse objetivo, investiu em tecnologias de intelig\u00eancia de dados e intelig\u00eancia artificial para traduzir dados em sentimentos dos stakeholders.\",\"foundingDate\":\"2011-02-01\"}]}<\/script>\n<!-- \/ Yoast SEO Premium plugin. -->","yoast_head_json":{"title":"Thank you for your interest - Knewin","robots":{"index":"index","follow":"follow","max-snippet":"max-snippet:-1","max-image-preview":"max-image-preview:large","max-video-preview":"max-video-preview:-1"},"canonical":"https:\/\/www.knewin.com\/en\/thank-you-for-your-interest\/","og_locale":"en_US","og_type":"article","og_title":"Thank you for your interest","og_description":"Thanks for your interest in our solutions! You have just taken an important step towards increasing your communication results by managing your brand&#8217;s reputation and exposure. Back to the site","og_url":"https:\/\/www.knewin.com\/en\/thank-you-for-your-interest\/","og_site_name":"Knewin","article_publisher":"https:\/\/www.facebook.com\/knewinoficial\/","article_modified_time":"2024-05-13T11:44:34+00:00","og_image":[{"url":"https:\/\/knewin.com\/wp-content\/uploads\/2024\/03\/KnewinLogo.png","type":"","width":"","height":""}],"twitter_card":"summary_large_image","twitter_site":"@knewin_","twitter_misc":{"Est. reading time":"1 minute"},"schema":{"@context":"https:\/\/schema.org","@graph":[{"@type":"WebPage","@id":"https:\/\/www.knewin.com\/en\/thank-you-for-your-interest\/","url":"https:\/\/www.knewin.com\/en\/thank-you-for-your-interest\/","name":"Thank you for your interest - Knewin","isPartOf":{"@id":"https:\/\/www.knewin.com\/#website"},"primaryImageOfPage":{"@id":"https:\/\/www.knewin.com\/en\/thank-you-for-your-interest\/#primaryimage"},"image":{"@id":"https:\/\/www.knewin.com\/en\/thank-you-for-your-interest\/#primaryimage"},"thumbnailUrl":"https:\/\/knewin.com\/wp-content\/uploads\/2024\/03\/KnewinLogo.png","datePublished":"2024-03-06T23:10:53+00:00","dateModified":"2024-05-13T11:44:34+00:00","breadcrumb":{"@id":"https:\/\/www.knewin.com\/en\/thank-you-for-your-interest\/#breadcrumb"},"inLanguage":"en-US","potentialAction":[{"@type":"ReadAction","target":["https:\/\/www.knewin.com\/en\/thank-you-for-your-interest\/"]}]},{"@type":"ImageObject","inLanguage":"en-US","@id":"https:\/\/www.knewin.com\/en\/thank-you-for-your-interest\/#primaryimage","url":"https:\/\/knewin.com\/wp-content\/uploads\/2024\/03\/KnewinLogo.png","contentUrl":"https:\/\/knewin.com\/wp-content\/uploads\/2024\/03\/KnewinLogo.png"},{"@type":"BreadcrumbList","@id":"https:\/\/www.knewin.com\/en\/thank-you-for-your-interest\/#breadcrumb","itemListElement":[{"@type":"ListItem","position":1,"name":"In\u00edcio","item":"https:\/\/www.knewin.com\/en\/"},{"@type":"ListItem","position":2,"name":"Thank you for your interest"}]},{"@type":"WebSite","@id":"https:\/\/www.knewin.com\/#website","url":"https:\/\/www.knewin.com\/","name":"Knewin","description":"A maior empresa de tecnologia e dados para gest\u00e3o de reputa\u00e7\u00e3o na Am\u00e9rica Latina.","publisher":{"@id":"https:\/\/www.knewin.com\/#organization"},"alternateName":"Knewin - Tecnologia e dados para gest\u00e3o de reputa\u00e7\u00e3o","potentialAction":[{"@type":"SearchAction","target":{"@type":"EntryPoint","urlTemplate":"https:\/\/www.knewin.com\/?s={search_term_string}"},"query-input":{"@type":"PropertyValueSpecification","valueRequired":true,"valueName":"search_term_string"}}],"inLanguage":"en-US"},{"@type":"Organization","@id":"https:\/\/www.knewin.com\/#organization","name":"Knewin","alternateName":"Knewin - A maior empresa de tecnologia e dados para gest\u00e3o de reputa\u00e7\u00e3o","url":"https:\/\/www.knewin.com\/","logo":{"@type":"ImageObject","inLanguage":"en-US","@id":"https:\/\/www.knewin.com\/#\/schema\/logo\/image\/","url":"https:\/\/knewin.com\/wp-content\/uploads\/2025\/01\/Knewin-imagem-home.webp","contentUrl":"https:\/\/knewin.com\/wp-content\/uploads\/2025\/01\/Knewin-imagem-home.webp","width":600,"height":600,"caption":"Knewin"},"image":{"@id":"https:\/\/www.knewin.com\/#\/schema\/logo\/image\/"},"sameAs":["https:\/\/www.facebook.com\/knewinoficial\/","https:\/\/x.com\/knewin_","https:\/\/www.instagram.com\/knewinoficial\/","https:\/\/www.linkedin.com\/company\/knewinoficial","https:\/\/www.youtube.com\/@knewinoficial"],"description":"A Knewin foi fundada em 2011 com o prop\u00f3sito de melhorar a sociedade por meio de empresas respons\u00e1veis e comprometidas com os seus p\u00fablicos. Para conquistar esse objetivo, investiu em tecnologias de intelig\u00eancia de dados e intelig\u00eancia artificial para traduzir dados em sentimentos dos stakeholders.","foundingDate":"2011-02-01"}]}},"_links":{"self":[{"href":"https:\/\/www.knewin.com\/en\/wp-json\/wp\/v2\/pages\/951","targetHints":{"allow":["GET"]}}],"collection":[{"href":"https:\/\/www.knewin.com\/en\/wp-json\/wp\/v2\/pages"}],"about":[{"href":"https:\/\/www.knewin.com\/en\/wp-json\/wp\/v2\/types\/page"}],"author":[{"embeddable":true,"href":"https:\/\/www.knewin.com\/en\/wp-json\/wp\/v2\/users\/1"}],"replies":[{"embeddable":true,"href":"https:\/\/www.knewin.com\/en\/wp-json\/wp\/v2\/comments?post=951"}],"version-history":[{"count":0,"href":"https:\/\/www.knewin.com\/en\/wp-json\/wp\/v2\/pages\/951\/revisions"}],"wp:attachment":[{"href":"https:\/\/www.knewin.com\/en\/wp-json\/wp\/v2\/media?parent=951"}],"curies":[{"name":"wp","href":"https:\/\/api.w.org\/{rel}","templated":true}]}}