{"id":1001,"date":"2024-03-06T20:11:24","date_gmt":"2024-03-06T23:11:24","guid":{"rendered":"https:\/\/fsantosteste.com\/knewin-en-la-prensa\/"},"modified":"2025-10-17T10:03:59","modified_gmt":"2025-10-17T13:03:59","slug":"knewin-en-la-prensa","status":"publish","type":"page","link":"https:\/\/www.knewin.com\/es\/knewin-en-la-prensa\/","title":{"rendered":"Knewin en la prensa"},"content":{"rendered":"\t\t<div data-elementor-type=\"wp-page\" data-elementor-id=\"1001\" class=\"elementor elementor-1001 elementor-640\" data-elementor-post-type=\"page\">\n\t\t\t\t<div class=\"elementor-element elementor-element-ba2f118 e-flex e-con-boxed e-con e-parent\" data-id=\"ba2f118\" data-element_type=\"container\" data-e-type=\"container\" data-settings=\"{&quot;background_background&quot;:&quot;video&quot;}\">\n\t\t\t\t\t<div class=\"e-con-inner\">\n\t\t\t\t<div class=\"elementor-element elementor-element-441e10a elementor-widget elementor-widget-heading\" data-id=\"441e10a\" data-element_type=\"widget\" data-e-type=\"widget\" data-widget_type=\"heading.default\">\n\t\t\t\t<div class=\"elementor-widget-container\">\n\t\t\t\t\t<h1 class=\"elementor-heading-title elementor-size-default\">Knewin en la prensa<\/h1>\t\t\t\t<\/div>\n\t\t\t\t<\/div>\n\t\t\t\t\t<\/div>\n\t\t\t\t<\/div>\n\t\t<div class=\"elementor-element elementor-element-acbd719 e-flex e-con-boxed e-con e-parent\" data-id=\"acbd719\" data-element_type=\"container\" data-e-type=\"container\" data-settings=\"{&quot;background_background&quot;:&quot;classic&quot;}\">\n\t\t\t\t\t<div class=\"e-con-inner\">\n\t\t<div class=\"elementor-element elementor-element-d89908a e-flex e-con-boxed e-con e-child\" data-id=\"d89908a\" data-element_type=\"container\" data-e-type=\"container\" data-settings=\"{&quot;background_background&quot;:&quot;classic&quot;}\">\n\t\t\t\t\t<div class=\"e-con-inner\">\n\t\t<div class=\"elementor-element elementor-element-ea82893 e-con-full e-flex e-con e-child\" data-id=\"ea82893\" data-element_type=\"container\" data-e-type=\"container\">\n\t\t\t\t<div class=\"elementor-element elementor-element-d5960dc elementor-vertical-align-top elementor-widget elementor-widget-image-box\" data-id=\"d5960dc\" data-element_type=\"widget\" data-e-type=\"widget\" data-widget_type=\"image-box.default\">\n\t\t\t\t<div class=\"elementor-widget-container\">\n\t\t\t\t\t<div class=\"elementor-image-box-wrapper\"><div class=\"elementor-image-box-content\"><h2 class=\"elementor-image-box-title\">Informaci\u00f3n para salir adelante!<\/h2><p class=\"elementor-image-box-description\">Con la misi\u00f3n de hacer que la informaci\u00f3n sea \u00fatil y accesible a trav\u00e9s de la tecnolog\u00eda, nuestra marca es una fuente de datos para enriquecer las pautas que involucran a los medios nuevos y tradicionales.\n<br \/><br \/>\nPara entrevistas, datos para noticias y otras solicitudes, contacte a nuestra oficina de prensa.<\/p><\/div><\/div>\t\t\t\t<\/div>\n\t\t\t\t<\/div>\n\t\t\t\t<\/div>\n\t\t<div class=\"elementor-element elementor-element-4b8dd6e e-con-full e-flex e-con e-child\" data-id=\"4b8dd6e\" data-element_type=\"container\" data-e-type=\"container\">\n\t\t\t\t<div class=\"elementor-element elementor-element-af13786 elementor-view-default elementor-position-block-start elementor-mobile-position-block-start elementor-widget elementor-widget-icon-box\" data-id=\"af13786\" data-element_type=\"widget\" data-e-type=\"widget\" data-widget_type=\"icon-box.default\">\n\t\t\t\t<div class=\"elementor-widget-container\">\n\t\t\t\t\t\t\t<div class=\"elementor-icon-box-wrapper\">\n\n\t\t\t\t\t\t<div class=\"elementor-icon-box-icon\">\n\t\t\t\t<span  class=\"elementor-icon\">\n\t\t\t\t<svg aria-hidden=\"true\" class=\"e-font-icon-svg e-far-file-pdf\" viewBox=\"0 0 384 512\" xmlns=\"http:\/\/www.w3.org\/2000\/svg\"><path d=\"M369.9 97.9L286 14C277 5 264.8-.1 252.1-.1H48C21.5 0 0 21.5 0 48v416c0 26.5 21.5 48 48 48h288c26.5 0 48-21.5 48-48V131.9c0-12.7-5.1-25-14.1-34zM332.1 128H256V51.9l76.1 76.1zM48 464V48h160v104c0 13.3 10.7 24 24 24h104v288H48zm250.2-143.7c-12.2-12-47-8.7-64.4-6.5-17.2-10.5-28.7-25-36.8-46.3 3.9-16.1 10.1-40.6 5.4-56-4.2-26.2-37.8-23.6-42.6-5.9-4.4 16.1-.4 38.5 7 67.1-10 23.9-24.9 56-35.4 74.4-20 10.3-47 26.2-51 46.2-3.3 15.8 26 55.2 76.1-31.2 22.4-7.4 46.8-16.5 68.4-20.1 18.9 10.2 41 17 55.8 17 25.5 0 28-28.2 17.5-38.7zm-198.1 77.8c5.1-13.7 24.5-29.5 30.4-35-19 30.3-30.4 35.7-30.4 35zm81.6-190.6c7.4 0 6.7 32.1 1.8 40.8-4.4-13.9-4.3-40.8-1.8-40.8zm-24.4 136.6c9.7-16.9 18-37 24.7-54.7 8.3 15.1 18.9 27.2 30.1 35.5-20.8 4.3-38.9 13.1-54.8 19.2zm131.6-5s-5 6-37.3-7.8c35.1-2.6 40.9 5.4 37.3 7.8z\"><\/path><\/svg>\t\t\t\t<\/span>\n\t\t\t<\/div>\n\t\t\t\n\t\t\t\t\t\t<div class=\"elementor-icon-box-content\">\n\n\t\t\t\t\t\t\t\t\t<h3 class=\"elementor-icon-box-title\">\n\t\t\t\t\t\t<span  >\n\t\t\t\t\t\t\tInformaci\u00f3n para la prensa\t\t\t\t\t\t<\/span>\n\t\t\t\t\t<\/h3>\n\t\t\t\t\n\t\t\t\t\n\t\t\t<\/div>\n\t\t\t\n\t\t<\/div>\n\t\t\t\t\t\t<\/div>\n\t\t\t\t<\/div>\n\t\t\t\t<div class=\"elementor-element elementor-element-1be8e9f elementor-widget elementor-widget-text-editor\" data-id=\"1be8e9f\" data-element_type=\"widget\" data-e-type=\"widget\" data-widget_type=\"text-editor.default\">\n\t\t\t\t<div class=\"elementor-widget-container\">\n\t\t\t\t\t\t\t\t\t<p>Marketing<\/p>\t\t\t\t\t\t\t\t<\/div>\n\t\t\t\t<\/div>\n\t\t\t\t<div class=\"elementor-element elementor-element-8191366 elementor-icon-list--layout-traditional elementor-list-item-link-full_width elementor-widget elementor-widget-icon-list\" data-id=\"8191366\" data-element_type=\"widget\" data-e-type=\"widget\" data-widget_type=\"icon-list.default\">\n\t\t\t\t<div class=\"elementor-widget-container\">\n\t\t\t\t\t\t\t<ul class=\"elementor-icon-list-items\">\n\t\t\t\t\t\t\t<li class=\"elementor-icon-list-item\">\n\t\t\t\t\t\t\t\t\t\t\t<a href=\"tel:551150704400;\">\n\n\t\t\t\t\t\t\t\t\t\t\t\t<span class=\"elementor-icon-list-icon\">\n\t\t\t\t\t\t\t<svg aria-hidden=\"true\" class=\"e-font-icon-svg e-fas-mobile-alt\" viewBox=\"0 0 320 512\" xmlns=\"http:\/\/www.w3.org\/2000\/svg\"><path d=\"M272 0H48C21.5 0 0 21.5 0 48v416c0 26.5 21.5 48 48 48h224c26.5 0 48-21.5 48-48V48c0-26.5-21.5-48-48-48zM160 480c-17.7 0-32-14.3-32-32s14.3-32 32-32 32 14.3 32 32-14.3 32-32 32zm112-108c0 6.6-5.4 12-12 12H60c-6.6 0-12-5.4-12-12V60c0-6.6 5.4-12 12-12h200c6.6 0 12 5.4 12 12v312z\"><\/path><\/svg>\t\t\t\t\t\t<\/span>\n\t\t\t\t\t\t\t\t\t\t<span class=\"elementor-icon-list-text\">+55 11 5070-4400<\/span>\n\t\t\t\t\t\t\t\t\t\t\t<\/a>\n\t\t\t\t\t\t\t\t\t<\/li>\n\t\t\t\t\t\t\t\t<li class=\"elementor-icon-list-item\">\n\t\t\t\t\t\t\t\t\t\t\t<a href=\"mailto:marketing@knewin.com;\">\n\n\t\t\t\t\t\t\t\t\t\t\t\t<span class=\"elementor-icon-list-icon\">\n\t\t\t\t\t\t\t<svg aria-hidden=\"true\" class=\"e-font-icon-svg e-far-envelope\" viewBox=\"0 0 512 512\" xmlns=\"http:\/\/www.w3.org\/2000\/svg\"><path d=\"M464 64H48C21.49 64 0 85.49 0 112v288c0 26.51 21.49 48 48 48h416c26.51 0 48-21.49 48-48V112c0-26.51-21.49-48-48-48zm0 48v40.805c-22.422 18.259-58.168 46.651-134.587 106.49-16.841 13.247-50.201 45.072-73.413 44.701-23.208.375-56.579-31.459-73.413-44.701C106.18 199.465 70.425 171.067 48 152.805V112h416zM48 400V214.398c22.914 18.251 55.409 43.862 104.938 82.646 21.857 17.205 60.134 55.186 103.062 54.955 42.717.231 80.509-37.199 103.053-54.947 49.528-38.783 82.032-64.401 104.947-82.653V400H48z\"><\/path><\/svg>\t\t\t\t\t\t<\/span>\n\t\t\t\t\t\t\t\t\t\t<span class=\"elementor-icon-list-text\">marketing@knewin.com<\/span>\n\t\t\t\t\t\t\t\t\t\t\t<\/a>\n\t\t\t\t\t\t\t\t\t<\/li>\n\t\t\t\t\t\t<\/ul>\n\t\t\t\t\t\t<\/div>\n\t\t\t\t<\/div>\n\t\t\t\t<div class=\"elementor-element elementor-element-e4249ef elementor-icon-list--layout-traditional elementor-list-item-link-full_width elementor-widget elementor-widget-icon-list\" data-id=\"e4249ef\" data-element_type=\"widget\" data-e-type=\"widget\" data-widget_type=\"icon-list.default\">\n\t\t\t\t<div class=\"elementor-widget-container\">\n\t\t\t\t\t\t\t<ul class=\"elementor-icon-list-items\">\n\t\t\t\t\t\t\t<li class=\"elementor-icon-list-item\">\n\t\t\t\t\t\t\t\t\t\t\t<span class=\"elementor-icon-list-icon\">\n\t\t\t\t\t\t\t<svg aria-hidden=\"true\" class=\"e-font-icon-svg e-far-user\" viewBox=\"0 0 448 512\" xmlns=\"http:\/\/www.w3.org\/2000\/svg\"><path d=\"M313.6 304c-28.7 0-42.5 16-89.6 16-47.1 0-60.8-16-89.6-16C60.2 304 0 364.2 0 438.4V464c0 26.5 21.5 48 48 48h352c26.5 0 48-21.5 48-48v-25.6c0-74.2-60.2-134.4-134.4-134.4zM400 464H48v-25.6c0-47.6 38.8-86.4 86.4-86.4 14.6 0 38.3 16 89.6 16 51.7 0 74.9-16 89.6-16 47.6 0 86.4 38.8 86.4 86.4V464zM224 288c79.5 0 144-64.5 144-144S303.5 0 224 0 80 64.5 80 144s64.5 144 144 144zm0-240c52.9 0 96 43.1 96 96s-43.1 96-96 96-96-43.1-96-96 43.1-96 96-96z\"><\/path><\/svg>\t\t\t\t\t\t<\/span>\n\t\t\t\t\t\t\t\t\t\t<span class=\"elementor-icon-list-text\">Gabriel Andrade<\/span>\n\t\t\t\t\t\t\t\t\t<\/li>\n\t\t\t\t\t\t\t\t<li class=\"elementor-icon-list-item\">\n\t\t\t\t\t\t\t\t\t\t\t<a href=\"mailto:g.andrade@dino.com.br;\">\n\n\t\t\t\t\t\t\t\t\t\t\t\t<span class=\"elementor-icon-list-icon\">\n\t\t\t\t\t\t\t<svg aria-hidden=\"true\" class=\"e-font-icon-svg e-far-envelope\" viewBox=\"0 0 512 512\" xmlns=\"http:\/\/www.w3.org\/2000\/svg\"><path d=\"M464 64H48C21.49 64 0 85.49 0 112v288c0 26.51 21.49 48 48 48h416c26.51 0 48-21.49 48-48V112c0-26.51-21.49-48-48-48zm0 48v40.805c-22.422 18.259-58.168 46.651-134.587 106.49-16.841 13.247-50.201 45.072-73.413 44.701-23.208.375-56.579-31.459-73.413-44.701C106.18 199.465 70.425 171.067 48 152.805V112h416zM48 400V214.398c22.914 18.251 55.409 43.862 104.938 82.646 21.857 17.205 60.134 55.186 103.062 54.955 42.717.231 80.509-37.199 103.053-54.947 49.528-38.783 82.032-64.401 104.947-82.653V400H48z\"><\/path><\/svg>\t\t\t\t\t\t<\/span>\n\t\t\t\t\t\t\t\t\t\t<span class=\"elementor-icon-list-text\">g.andrade@dino.com.br<\/span>\n\t\t\t\t\t\t\t\t\t\t\t<\/a>\n\t\t\t\t\t\t\t\t\t<\/li>\n\t\t\t\t\t\t<\/ul>\n\t\t\t\t\t\t<\/div>\n\t\t\t\t<\/div>\n\t\t\t\t<\/div>\n\t\t\t\t\t<\/div>\n\t\t\t\t<\/div>\n\t\t\t\t\t<\/div>\n\t\t\t\t<\/div>\n\t\t\t\t<\/div>\n\t\t","protected":false},"excerpt":{"rendered":"<p>Informaci\u00f3n para salir adelante! Con la misi\u00f3n de hacer que la informaci\u00f3n sea \u00fatil y accesible a trav\u00e9s de la tecnolog\u00eda, nuestra marca es una fuente de datos para enriquecer las pautas que involucran a los medios nuevos y tradicionales. Para entrevistas, datos para noticias y otras solicitudes, contacte a nuestra oficina de prensa. Informaci\u00f3n [&hellip;]<\/p>\n","protected":false},"author":1,"featured_media":0,"parent":0,"menu_order":0,"comment_status":"closed","ping_status":"closed","template":"","meta":{"footnotes":""},"class_list":["post-1001","page","type-page","status-publish","hentry"],"yoast_head":"<!-- This site is optimized with the Yoast SEO Premium plugin v27.0 (Yoast SEO v27.3) - https:\/\/yoast.com\/product\/yoast-seo-premium-wordpress\/ -->\n<title>Knewin en la prensa - Knewin<\/title>\n<meta name=\"robots\" content=\"index, follow, max-snippet:-1, max-image-preview:large, max-video-preview:-1\" \/>\n<link rel=\"canonical\" href=\"https:\/\/www.knewin.com\/es\/knewin-en-la-prensa\/\" \/>\n<meta property=\"og:locale\" content=\"es_ES\" \/>\n<meta property=\"og:type\" content=\"article\" \/>\n<meta property=\"og:title\" content=\"Knewin en la prensa\" \/>\n<meta property=\"og:description\" content=\"Informaci\u00f3n para salir adelante! Con la misi\u00f3n de hacer que la informaci\u00f3n sea \u00fatil y accesible a trav\u00e9s de la tecnolog\u00eda, nuestra marca es una fuente de datos para enriquecer las pautas que involucran a los medios nuevos y tradicionales. Para entrevistas, datos para noticias y otras solicitudes, contacte a nuestra oficina de prensa. Informaci\u00f3n [&hellip;]\" \/>\n<meta property=\"og:url\" content=\"https:\/\/www.knewin.com\/es\/knewin-en-la-prensa\/\" \/>\n<meta property=\"og:site_name\" content=\"Knewin\" \/>\n<meta property=\"article:publisher\" content=\"https:\/\/www.facebook.com\/knewinoficial\/\" \/>\n<meta property=\"article:modified_time\" content=\"2025-10-17T13:03:59+00:00\" \/>\n<meta name=\"twitter:card\" content=\"summary_large_image\" \/>\n<meta name=\"twitter:site\" content=\"@knewin_\" \/>\n<meta name=\"twitter:label1\" content=\"Tiempo de lectura\" \/>\n\t<meta name=\"twitter:data1\" content=\"1 minuto\" \/>\n<script type=\"application\/ld+json\" class=\"yoast-schema-graph\">{\"@context\":\"https:\\\/\\\/schema.org\",\"@graph\":[{\"@type\":\"WebPage\",\"@id\":\"https:\\\/\\\/www.knewin.com\\\/es\\\/knewin-en-la-prensa\\\/\",\"url\":\"https:\\\/\\\/www.knewin.com\\\/es\\\/knewin-en-la-prensa\\\/\",\"name\":\"Knewin en la prensa - Knewin\",\"isPartOf\":{\"@id\":\"https:\\\/\\\/www.knewin.com\\\/#website\"},\"datePublished\":\"2024-03-06T23:11:24+00:00\",\"dateModified\":\"2025-10-17T13:03:59+00:00\",\"breadcrumb\":{\"@id\":\"https:\\\/\\\/www.knewin.com\\\/es\\\/knewin-en-la-prensa\\\/#breadcrumb\"},\"inLanguage\":\"es\",\"potentialAction\":[{\"@type\":\"ReadAction\",\"target\":[\"https:\\\/\\\/www.knewin.com\\\/es\\\/knewin-en-la-prensa\\\/\"]}]},{\"@type\":\"BreadcrumbList\",\"@id\":\"https:\\\/\\\/www.knewin.com\\\/es\\\/knewin-en-la-prensa\\\/#breadcrumb\",\"itemListElement\":[{\"@type\":\"ListItem\",\"position\":1,\"name\":\"In\u00edcio\",\"item\":\"https:\\\/\\\/www.knewin.com\\\/es\\\/\"},{\"@type\":\"ListItem\",\"position\":2,\"name\":\"Knewin en la prensa\"}]},{\"@type\":\"WebSite\",\"@id\":\"https:\\\/\\\/www.knewin.com\\\/#website\",\"url\":\"https:\\\/\\\/www.knewin.com\\\/\",\"name\":\"Knewin\",\"description\":\"A maior empresa de tecnologia e dados para gest\u00e3o de reputa\u00e7\u00e3o na Am\u00e9rica Latina.\",\"publisher\":{\"@id\":\"https:\\\/\\\/www.knewin.com\\\/#organization\"},\"alternateName\":\"Knewin - Tecnologia e dados para gest\u00e3o de reputa\u00e7\u00e3o\",\"potentialAction\":[{\"@type\":\"SearchAction\",\"target\":{\"@type\":\"EntryPoint\",\"urlTemplate\":\"https:\\\/\\\/www.knewin.com\\\/?s={search_term_string}\"},\"query-input\":{\"@type\":\"PropertyValueSpecification\",\"valueRequired\":true,\"valueName\":\"search_term_string\"}}],\"inLanguage\":\"es\"},{\"@type\":\"Organization\",\"@id\":\"https:\\\/\\\/www.knewin.com\\\/#organization\",\"name\":\"Knewin\",\"alternateName\":\"Knewin - A maior empresa de tecnologia e dados para gest\u00e3o de reputa\u00e7\u00e3o\",\"url\":\"https:\\\/\\\/www.knewin.com\\\/\",\"logo\":{\"@type\":\"ImageObject\",\"inLanguage\":\"es\",\"@id\":\"https:\\\/\\\/www.knewin.com\\\/#\\\/schema\\\/logo\\\/image\\\/\",\"url\":\"https:\\\/\\\/knewin.com\\\/wp-content\\\/uploads\\\/2025\\\/01\\\/Knewin-imagem-home.webp\",\"contentUrl\":\"https:\\\/\\\/knewin.com\\\/wp-content\\\/uploads\\\/2025\\\/01\\\/Knewin-imagem-home.webp\",\"width\":600,\"height\":600,\"caption\":\"Knewin\"},\"image\":{\"@id\":\"https:\\\/\\\/www.knewin.com\\\/#\\\/schema\\\/logo\\\/image\\\/\"},\"sameAs\":[\"https:\\\/\\\/www.facebook.com\\\/knewinoficial\\\/\",\"https:\\\/\\\/x.com\\\/knewin_\",\"https:\\\/\\\/www.instagram.com\\\/knewinoficial\\\/\",\"https:\\\/\\\/www.linkedin.com\\\/company\\\/knewinoficial\",\"https:\\\/\\\/www.youtube.com\\\/@knewinoficial\"],\"description\":\"A Knewin foi fundada em 2011 com o prop\u00f3sito de melhorar a sociedade por meio de empresas respons\u00e1veis e comprometidas com os seus p\u00fablicos. Para conquistar esse objetivo, investiu em tecnologias de intelig\u00eancia de dados e intelig\u00eancia artificial para traduzir dados em sentimentos dos stakeholders.\",\"foundingDate\":\"2011-02-01\"}]}<\/script>\n<!-- \/ Yoast SEO Premium plugin. -->","yoast_head_json":{"title":"Knewin en la prensa - Knewin","robots":{"index":"index","follow":"follow","max-snippet":"max-snippet:-1","max-image-preview":"max-image-preview:large","max-video-preview":"max-video-preview:-1"},"canonical":"https:\/\/www.knewin.com\/es\/knewin-en-la-prensa\/","og_locale":"es_ES","og_type":"article","og_title":"Knewin en la prensa","og_description":"Informaci\u00f3n para salir adelante! Con la misi\u00f3n de hacer que la informaci\u00f3n sea \u00fatil y accesible a trav\u00e9s de la tecnolog\u00eda, nuestra marca es una fuente de datos para enriquecer las pautas que involucran a los medios nuevos y tradicionales. Para entrevistas, datos para noticias y otras solicitudes, contacte a nuestra oficina de prensa. Informaci\u00f3n [&hellip;]","og_url":"https:\/\/www.knewin.com\/es\/knewin-en-la-prensa\/","og_site_name":"Knewin","article_publisher":"https:\/\/www.facebook.com\/knewinoficial\/","article_modified_time":"2025-10-17T13:03:59+00:00","twitter_card":"summary_large_image","twitter_site":"@knewin_","twitter_misc":{"Tiempo de lectura":"1 minuto"},"schema":{"@context":"https:\/\/schema.org","@graph":[{"@type":"WebPage","@id":"https:\/\/www.knewin.com\/es\/knewin-en-la-prensa\/","url":"https:\/\/www.knewin.com\/es\/knewin-en-la-prensa\/","name":"Knewin en la prensa - Knewin","isPartOf":{"@id":"https:\/\/www.knewin.com\/#website"},"datePublished":"2024-03-06T23:11:24+00:00","dateModified":"2025-10-17T13:03:59+00:00","breadcrumb":{"@id":"https:\/\/www.knewin.com\/es\/knewin-en-la-prensa\/#breadcrumb"},"inLanguage":"es","potentialAction":[{"@type":"ReadAction","target":["https:\/\/www.knewin.com\/es\/knewin-en-la-prensa\/"]}]},{"@type":"BreadcrumbList","@id":"https:\/\/www.knewin.com\/es\/knewin-en-la-prensa\/#breadcrumb","itemListElement":[{"@type":"ListItem","position":1,"name":"In\u00edcio","item":"https:\/\/www.knewin.com\/es\/"},{"@type":"ListItem","position":2,"name":"Knewin en la prensa"}]},{"@type":"WebSite","@id":"https:\/\/www.knewin.com\/#website","url":"https:\/\/www.knewin.com\/","name":"Knewin","description":"A maior empresa de tecnologia e dados para gest\u00e3o de reputa\u00e7\u00e3o na Am\u00e9rica Latina.","publisher":{"@id":"https:\/\/www.knewin.com\/#organization"},"alternateName":"Knewin - Tecnologia e dados para gest\u00e3o de reputa\u00e7\u00e3o","potentialAction":[{"@type":"SearchAction","target":{"@type":"EntryPoint","urlTemplate":"https:\/\/www.knewin.com\/?s={search_term_string}"},"query-input":{"@type":"PropertyValueSpecification","valueRequired":true,"valueName":"search_term_string"}}],"inLanguage":"es"},{"@type":"Organization","@id":"https:\/\/www.knewin.com\/#organization","name":"Knewin","alternateName":"Knewin - A maior empresa de tecnologia e dados para gest\u00e3o de reputa\u00e7\u00e3o","url":"https:\/\/www.knewin.com\/","logo":{"@type":"ImageObject","inLanguage":"es","@id":"https:\/\/www.knewin.com\/#\/schema\/logo\/image\/","url":"https:\/\/knewin.com\/wp-content\/uploads\/2025\/01\/Knewin-imagem-home.webp","contentUrl":"https:\/\/knewin.com\/wp-content\/uploads\/2025\/01\/Knewin-imagem-home.webp","width":600,"height":600,"caption":"Knewin"},"image":{"@id":"https:\/\/www.knewin.com\/#\/schema\/logo\/image\/"},"sameAs":["https:\/\/www.facebook.com\/knewinoficial\/","https:\/\/x.com\/knewin_","https:\/\/www.instagram.com\/knewinoficial\/","https:\/\/www.linkedin.com\/company\/knewinoficial","https:\/\/www.youtube.com\/@knewinoficial"],"description":"A Knewin foi fundada em 2011 com o prop\u00f3sito de melhorar a sociedade por meio de empresas respons\u00e1veis e comprometidas com os seus p\u00fablicos. Para conquistar esse objetivo, investiu em tecnologias de intelig\u00eancia de dados e intelig\u00eancia artificial para traduzir dados em sentimentos dos stakeholders.","foundingDate":"2011-02-01"}]}},"_links":{"self":[{"href":"https:\/\/www.knewin.com\/es\/wp-json\/wp\/v2\/pages\/1001","targetHints":{"allow":["GET"]}}],"collection":[{"href":"https:\/\/www.knewin.com\/es\/wp-json\/wp\/v2\/pages"}],"about":[{"href":"https:\/\/www.knewin.com\/es\/wp-json\/wp\/v2\/types\/page"}],"author":[{"embeddable":true,"href":"https:\/\/www.knewin.com\/es\/wp-json\/wp\/v2\/users\/1"}],"replies":[{"embeddable":true,"href":"https:\/\/www.knewin.com\/es\/wp-json\/wp\/v2\/comments?post=1001"}],"version-history":[{"count":0,"href":"https:\/\/www.knewin.com\/es\/wp-json\/wp\/v2\/pages\/1001\/revisions"}],"wp:attachment":[{"href":"https:\/\/www.knewin.com\/es\/wp-json\/wp\/v2\/media?parent=1001"}],"curies":[{"name":"wp","href":"https:\/\/api.w.org\/{rel}","templated":true}]}}