{"id":985,"date":"2024-03-06T20:07:08","date_gmt":"2024-03-06T23:07:08","guid":{"rendered":"https:\/\/fsantosteste.com\/gobernanza-y-compliance\/"},"modified":"2025-10-17T10:02:32","modified_gmt":"2025-10-17T13:02:32","slug":"gobernanza-y-compliance","status":"publish","type":"page","link":"https:\/\/www.knewin.com\/es\/gobernanza-y-compliance\/","title":{"rendered":"Gobernanza y Compliance"},"content":{"rendered":"\t\t<div data-elementor-type=\"wp-page\" data-elementor-id=\"985\" class=\"elementor elementor-985 elementor-335\" data-elementor-post-type=\"page\">\n\t\t\t\t<div class=\"elementor-element elementor-element-4e72d65 e-flex e-con-boxed e-con e-parent\" data-id=\"4e72d65\" data-element_type=\"container\" data-e-type=\"container\" data-settings=\"{&quot;background_background&quot;:&quot;video&quot;}\">\n\t\t\t\t\t<div class=\"e-con-inner\">\n\t\t\t\t<div class=\"elementor-element elementor-element-310f421 elementor-widget elementor-widget-heading\" data-id=\"310f421\" data-element_type=\"widget\" data-e-type=\"widget\" data-widget_type=\"heading.default\">\n\t\t\t\t<div class=\"elementor-widget-container\">\n\t\t\t\t\t<h1 class=\"elementor-heading-title elementor-size-default\">Gobernanza y Compliance<\/h1>\t\t\t\t<\/div>\n\t\t\t\t<\/div>\n\t\t\t\t\t<\/div>\n\t\t\t\t<\/div>\n\t\t<div class=\"elementor-element elementor-element-92b979d e-flex e-con-boxed e-con e-parent\" data-id=\"92b979d\" data-element_type=\"container\" data-e-type=\"container\" data-settings=\"{&quot;background_background&quot;:&quot;classic&quot;}\">\n\t\t\t\t\t<div class=\"e-con-inner\">\n\t\t<div class=\"elementor-element elementor-element-563b8f1 e-flex e-con-boxed e-con e-child\" data-id=\"563b8f1\" data-element_type=\"container\" data-e-type=\"container\" data-settings=\"{&quot;background_background&quot;:&quot;classic&quot;}\">\n\t\t\t\t\t<div class=\"e-con-inner\">\n\t\t\t\t<div class=\"elementor-element elementor-element-5c241f3 elementor-widget elementor-widget-text-editor\" data-id=\"5c241f3\" data-element_type=\"widget\" data-e-type=\"widget\" data-widget_type=\"text-editor.default\">\n\t\t\t\t<div class=\"elementor-widget-container\">\n\t\t\t\t\t\t\t\t\t<p>Para construir y mantener una trayectoria de \u00e9xito, Knewin valora actitudes y comportamientos \u00e9ticos, \u00edntegros, correctos y moralmente alineados, en l\u00ednea con nuestro manifiesto de cultura, procurando relaciones de confianza, empat\u00eda y justicia.<\/p><p>Reforzamos constantemente la divulgaci\u00f3n y actualizaci\u00f3n del Programa de Compliance, donde orientamos a todos los empleados, accionistas, gestores y terceros, en todos los niveles, sobre la necesidad de desarrollar negocios sostenibles de acuerdo con las pol\u00edticas y normas internas, as\u00ed como adapt\u00e1ndonos debidamente a la legislaci\u00f3n de los pa\u00edses en los que operamos.<\/p><p>Buscamos constantemente actualizar nuestras directrices para estar en l\u00ednea con las mejores pr\u00e1cticas del mercado, luchando contra la corrupci\u00f3n y valorando las actitudes \u00e9ticas. Por esta raz\u00f3n, nuestro programa incluye diversas pol\u00edticas, normas y manuales que tratan de gobierno corporativo, protecci\u00f3n de datos, uso de contrase\u00f1as, evaluaci\u00f3n de riesgos, donaciones y patrocinios, conflictos de intereses, entre otros.<\/p><p>Adem\u00e1s, realizamos constantemente campa\u00f1as de formaci\u00f3n y comunicaci\u00f3n interna, con el objetivo de involucrar a todos en la cultura de <em>Compliance de Knewin<\/em>, que introducimos a todos nuestros empleados desde su primer contacto con nuestra empresa.<\/p><p>Actualmente, el Departamento de <em>Compliance<\/em> forma parte del Departamento Jur\u00eddico y cuenta con un Responsable de Compliance y un Responsable de Protecci\u00f3n de Datos.<\/p>\t\t\t\t\t\t\t\t<\/div>\n\t\t\t\t<\/div>\n\t\t\t\t<div class=\"elementor-element elementor-element-49921c8 elementor-icon-list--layout-traditional elementor-list-item-link-full_width elementor-widget elementor-widget-icon-list\" data-id=\"49921c8\" data-element_type=\"widget\" data-e-type=\"widget\" data-widget_type=\"icon-list.default\">\n\t\t\t\t<div class=\"elementor-widget-container\">\n\t\t\t\t\t\t\t<ul class=\"elementor-icon-list-items\">\n\t\t\t\t\t\t\t<li class=\"elementor-icon-list-item\">\n\t\t\t\t\t\t\t\t\t\t\t<span class=\"elementor-icon-list-icon\">\n\t\t\t\t\t\t\t<svg aria-hidden=\"true\" class=\"e-font-icon-svg e-far-file-pdf\" viewBox=\"0 0 384 512\" xmlns=\"http:\/\/www.w3.org\/2000\/svg\"><path d=\"M369.9 97.9L286 14C277 5 264.8-.1 252.1-.1H48C21.5 0 0 21.5 0 48v416c0 26.5 21.5 48 48 48h288c26.5 0 48-21.5 48-48V131.9c0-12.7-5.1-25-14.1-34zM332.1 128H256V51.9l76.1 76.1zM48 464V48h160v104c0 13.3 10.7 24 24 24h104v288H48zm250.2-143.7c-12.2-12-47-8.7-64.4-6.5-17.2-10.5-28.7-25-36.8-46.3 3.9-16.1 10.1-40.6 5.4-56-4.2-26.2-37.8-23.6-42.6-5.9-4.4 16.1-.4 38.5 7 67.1-10 23.9-24.9 56-35.4 74.4-20 10.3-47 26.2-51 46.2-3.3 15.8 26 55.2 76.1-31.2 22.4-7.4 46.8-16.5 68.4-20.1 18.9 10.2 41 17 55.8 17 25.5 0 28-28.2 17.5-38.7zm-198.1 77.8c5.1-13.7 24.5-29.5 30.4-35-19 30.3-30.4 35.7-30.4 35zm81.6-190.6c7.4 0 6.7 32.1 1.8 40.8-4.4-13.9-4.3-40.8-1.8-40.8zm-24.4 136.6c9.7-16.9 18-37 24.7-54.7 8.3 15.1 18.9 27.2 30.1 35.5-20.8 4.3-38.9 13.1-54.8 19.2zm131.6-5s-5 6-37.3-7.8c35.1-2.6 40.9 5.4 37.3 7.8z\"><\/path><\/svg>\t\t\t\t\t\t<\/span>\n\t\t\t\t\t\t\t\t\t\t<span class=\"elementor-icon-list-text\">Haga clic aqu\u00ed para acceder a nuestro C\u00f3digo de Conducta<\/span>\n\t\t\t\t\t\t\t\t\t<\/li>\n\t\t\t\t\t\t<\/ul>\n\t\t\t\t\t\t<\/div>\n\t\t\t\t<\/div>\n\t\t\t\t\t<\/div>\n\t\t\t\t<\/div>\n\t\t\t\t\t<\/div>\n\t\t\t\t<\/div>\n\t\t\t\t<\/div>\n\t\t","protected":false},"excerpt":{"rendered":"<p>Para construir y mantener una trayectoria de \u00e9xito, Knewin valora actitudes y comportamientos \u00e9ticos, \u00edntegros, correctos y moralmente alineados, en l\u00ednea con nuestro manifiesto de cultura, procurando relaciones de confianza, empat\u00eda y justicia. Reforzamos constantemente la divulgaci\u00f3n y actualizaci\u00f3n del Programa de Compliance, donde orientamos a todos los empleados, accionistas, gestores y terceros, en todos [&hellip;]<\/p>\n","protected":false},"author":1,"featured_media":0,"parent":0,"menu_order":0,"comment_status":"closed","ping_status":"closed","template":"","meta":{"footnotes":""},"class_list":["post-985","page","type-page","status-publish","hentry"],"yoast_head":"<!-- This site is optimized with the Yoast SEO Premium plugin v27.0 (Yoast SEO v27.3) - https:\/\/yoast.com\/product\/yoast-seo-premium-wordpress\/ -->\n<title>Gobernanza y Compliance - Knewin<\/title>\n<meta name=\"robots\" content=\"index, follow, max-snippet:-1, max-image-preview:large, max-video-preview:-1\" \/>\n<link rel=\"canonical\" href=\"https:\/\/knewin.com\/es\/gobernanza-y-compliance\/\" \/>\n<meta property=\"og:locale\" content=\"es_ES\" \/>\n<meta property=\"og:type\" content=\"article\" \/>\n<meta property=\"og:title\" content=\"Gobernanza y Compliance\" \/>\n<meta property=\"og:description\" content=\"Para construir y mantener una trayectoria de \u00e9xito, Knewin valora actitudes y comportamientos \u00e9ticos, \u00edntegros, correctos y moralmente alineados, en l\u00ednea con nuestro manifiesto de cultura, procurando relaciones de confianza, empat\u00eda y justicia. Reforzamos constantemente la divulgaci\u00f3n y actualizaci\u00f3n del Programa de Compliance, donde orientamos a todos los empleados, accionistas, gestores y terceros, en todos [&hellip;]\" \/>\n<meta property=\"og:url\" content=\"https:\/\/knewin.com\/es\/gobernanza-y-compliance\/\" \/>\n<meta property=\"og:site_name\" content=\"Knewin\" \/>\n<meta property=\"article:publisher\" content=\"https:\/\/www.facebook.com\/knewinoficial\/\" \/>\n<meta property=\"article:modified_time\" content=\"2025-10-17T13:02:32+00:00\" \/>\n<meta name=\"twitter:card\" content=\"summary_large_image\" \/>\n<meta name=\"twitter:site\" content=\"@knewin_\" \/>\n<meta name=\"twitter:label1\" content=\"Tiempo de lectura\" \/>\n\t<meta name=\"twitter:data1\" content=\"1 minuto\" \/>\n<script type=\"application\/ld+json\" class=\"yoast-schema-graph\">{\"@context\":\"https:\\\/\\\/schema.org\",\"@graph\":[{\"@type\":\"WebPage\",\"@id\":\"https:\\\/\\\/knewin.com\\\/es\\\/gobernanza-y-compliance\\\/\",\"url\":\"https:\\\/\\\/knewin.com\\\/es\\\/gobernanza-y-compliance\\\/\",\"name\":\"Gobernanza y Compliance - Knewin\",\"isPartOf\":{\"@id\":\"https:\\\/\\\/knewin.com\\\/#website\"},\"datePublished\":\"2024-03-06T23:07:08+00:00\",\"dateModified\":\"2025-10-17T13:02:32+00:00\",\"breadcrumb\":{\"@id\":\"https:\\\/\\\/knewin.com\\\/es\\\/gobernanza-y-compliance\\\/#breadcrumb\"},\"inLanguage\":\"es\",\"potentialAction\":[{\"@type\":\"ReadAction\",\"target\":[\"https:\\\/\\\/knewin.com\\\/es\\\/gobernanza-y-compliance\\\/\"]}]},{\"@type\":\"BreadcrumbList\",\"@id\":\"https:\\\/\\\/knewin.com\\\/es\\\/gobernanza-y-compliance\\\/#breadcrumb\",\"itemListElement\":[{\"@type\":\"ListItem\",\"position\":1,\"name\":\"In\u00edcio\",\"item\":\"https:\\\/\\\/knewin.com\\\/es\\\/\"},{\"@type\":\"ListItem\",\"position\":2,\"name\":\"Gobernanza y Compliance\"}]},{\"@type\":\"WebSite\",\"@id\":\"https:\\\/\\\/knewin.com\\\/#website\",\"url\":\"https:\\\/\\\/knewin.com\\\/\",\"name\":\"Knewin\",\"description\":\"A maior empresa de tecnologia e dados para gest\u00e3o de reputa\u00e7\u00e3o na Am\u00e9rica Latina.\",\"publisher\":{\"@id\":\"https:\\\/\\\/knewin.com\\\/#organization\"},\"alternateName\":\"Knewin - Tecnologia e dados para gest\u00e3o de reputa\u00e7\u00e3o\",\"potentialAction\":[{\"@type\":\"SearchAction\",\"target\":{\"@type\":\"EntryPoint\",\"urlTemplate\":\"https:\\\/\\\/knewin.com\\\/?s={search_term_string}\"},\"query-input\":{\"@type\":\"PropertyValueSpecification\",\"valueRequired\":true,\"valueName\":\"search_term_string\"}}],\"inLanguage\":\"es\"},{\"@type\":\"Organization\",\"@id\":\"https:\\\/\\\/knewin.com\\\/#organization\",\"name\":\"Knewin\",\"alternateName\":\"Knewin - A maior empresa de tecnologia e dados para gest\u00e3o de reputa\u00e7\u00e3o\",\"url\":\"https:\\\/\\\/knewin.com\\\/\",\"logo\":{\"@type\":\"ImageObject\",\"inLanguage\":\"es\",\"@id\":\"https:\\\/\\\/knewin.com\\\/#\\\/schema\\\/logo\\\/image\\\/\",\"url\":\"https:\\\/\\\/knewin.com\\\/wp-content\\\/uploads\\\/2025\\\/01\\\/Knewin-imagem-home.webp\",\"contentUrl\":\"https:\\\/\\\/knewin.com\\\/wp-content\\\/uploads\\\/2025\\\/01\\\/Knewin-imagem-home.webp\",\"width\":600,\"height\":600,\"caption\":\"Knewin\"},\"image\":{\"@id\":\"https:\\\/\\\/knewin.com\\\/#\\\/schema\\\/logo\\\/image\\\/\"},\"sameAs\":[\"https:\\\/\\\/www.facebook.com\\\/knewinoficial\\\/\",\"https:\\\/\\\/x.com\\\/knewin_\",\"https:\\\/\\\/www.instagram.com\\\/knewinoficial\\\/\",\"https:\\\/\\\/www.linkedin.com\\\/company\\\/knewinoficial\",\"https:\\\/\\\/www.youtube.com\\\/@knewinoficial\"],\"description\":\"A Knewin foi fundada em 2011 com o prop\u00f3sito de melhorar a sociedade por meio de empresas respons\u00e1veis e comprometidas com os seus p\u00fablicos. Para conquistar esse objetivo, investiu em tecnologias de intelig\u00eancia de dados e intelig\u00eancia artificial para traduzir dados em sentimentos dos stakeholders.\",\"foundingDate\":\"2011-02-01\"}]}<\/script>\n<!-- \/ Yoast SEO Premium plugin. -->","yoast_head_json":{"title":"Gobernanza y Compliance - Knewin","robots":{"index":"index","follow":"follow","max-snippet":"max-snippet:-1","max-image-preview":"max-image-preview:large","max-video-preview":"max-video-preview:-1"},"canonical":"https:\/\/knewin.com\/es\/gobernanza-y-compliance\/","og_locale":"es_ES","og_type":"article","og_title":"Gobernanza y Compliance","og_description":"Para construir y mantener una trayectoria de \u00e9xito, Knewin valora actitudes y comportamientos \u00e9ticos, \u00edntegros, correctos y moralmente alineados, en l\u00ednea con nuestro manifiesto de cultura, procurando relaciones de confianza, empat\u00eda y justicia. Reforzamos constantemente la divulgaci\u00f3n y actualizaci\u00f3n del Programa de Compliance, donde orientamos a todos los empleados, accionistas, gestores y terceros, en todos [&hellip;]","og_url":"https:\/\/knewin.com\/es\/gobernanza-y-compliance\/","og_site_name":"Knewin","article_publisher":"https:\/\/www.facebook.com\/knewinoficial\/","article_modified_time":"2025-10-17T13:02:32+00:00","twitter_card":"summary_large_image","twitter_site":"@knewin_","twitter_misc":{"Tiempo de lectura":"1 minuto"},"schema":{"@context":"https:\/\/schema.org","@graph":[{"@type":"WebPage","@id":"https:\/\/knewin.com\/es\/gobernanza-y-compliance\/","url":"https:\/\/knewin.com\/es\/gobernanza-y-compliance\/","name":"Gobernanza y Compliance - Knewin","isPartOf":{"@id":"https:\/\/knewin.com\/#website"},"datePublished":"2024-03-06T23:07:08+00:00","dateModified":"2025-10-17T13:02:32+00:00","breadcrumb":{"@id":"https:\/\/knewin.com\/es\/gobernanza-y-compliance\/#breadcrumb"},"inLanguage":"es","potentialAction":[{"@type":"ReadAction","target":["https:\/\/knewin.com\/es\/gobernanza-y-compliance\/"]}]},{"@type":"BreadcrumbList","@id":"https:\/\/knewin.com\/es\/gobernanza-y-compliance\/#breadcrumb","itemListElement":[{"@type":"ListItem","position":1,"name":"In\u00edcio","item":"https:\/\/knewin.com\/es\/"},{"@type":"ListItem","position":2,"name":"Gobernanza y Compliance"}]},{"@type":"WebSite","@id":"https:\/\/knewin.com\/#website","url":"https:\/\/knewin.com\/","name":"Knewin","description":"A maior empresa de tecnologia e dados para gest\u00e3o de reputa\u00e7\u00e3o na Am\u00e9rica Latina.","publisher":{"@id":"https:\/\/knewin.com\/#organization"},"alternateName":"Knewin - Tecnologia e dados para gest\u00e3o de reputa\u00e7\u00e3o","potentialAction":[{"@type":"SearchAction","target":{"@type":"EntryPoint","urlTemplate":"https:\/\/knewin.com\/?s={search_term_string}"},"query-input":{"@type":"PropertyValueSpecification","valueRequired":true,"valueName":"search_term_string"}}],"inLanguage":"es"},{"@type":"Organization","@id":"https:\/\/knewin.com\/#organization","name":"Knewin","alternateName":"Knewin - A maior empresa de tecnologia e dados para gest\u00e3o de reputa\u00e7\u00e3o","url":"https:\/\/knewin.com\/","logo":{"@type":"ImageObject","inLanguage":"es","@id":"https:\/\/knewin.com\/#\/schema\/logo\/image\/","url":"https:\/\/knewin.com\/wp-content\/uploads\/2025\/01\/Knewin-imagem-home.webp","contentUrl":"https:\/\/knewin.com\/wp-content\/uploads\/2025\/01\/Knewin-imagem-home.webp","width":600,"height":600,"caption":"Knewin"},"image":{"@id":"https:\/\/knewin.com\/#\/schema\/logo\/image\/"},"sameAs":["https:\/\/www.facebook.com\/knewinoficial\/","https:\/\/x.com\/knewin_","https:\/\/www.instagram.com\/knewinoficial\/","https:\/\/www.linkedin.com\/company\/knewinoficial","https:\/\/www.youtube.com\/@knewinoficial"],"description":"A Knewin foi fundada em 2011 com o prop\u00f3sito de melhorar a sociedade por meio de empresas respons\u00e1veis e comprometidas com os seus p\u00fablicos. Para conquistar esse objetivo, investiu em tecnologias de intelig\u00eancia de dados e intelig\u00eancia artificial para traduzir dados em sentimentos dos stakeholders.","foundingDate":"2011-02-01"}]}},"_links":{"self":[{"href":"https:\/\/www.knewin.com\/es\/wp-json\/wp\/v2\/pages\/985","targetHints":{"allow":["GET"]}}],"collection":[{"href":"https:\/\/www.knewin.com\/es\/wp-json\/wp\/v2\/pages"}],"about":[{"href":"https:\/\/www.knewin.com\/es\/wp-json\/wp\/v2\/types\/page"}],"author":[{"embeddable":true,"href":"https:\/\/www.knewin.com\/es\/wp-json\/wp\/v2\/users\/1"}],"replies":[{"embeddable":true,"href":"https:\/\/www.knewin.com\/es\/wp-json\/wp\/v2\/comments?post=985"}],"version-history":[{"count":0,"href":"https:\/\/www.knewin.com\/es\/wp-json\/wp\/v2\/pages\/985\/revisions"}],"wp:attachment":[{"href":"https:\/\/www.knewin.com\/es\/wp-json\/wp\/v2\/media?parent=985"}],"curies":[{"name":"wp","href":"https:\/\/api.w.org\/{rel}","templated":true}]}}